{"id":1519,"date":"2015-05-05T10:32:06","date_gmt":"2015-05-05T09:32:06","guid":{"rendered":"http:\/\/nathaliehureau.fr\/?page_id=1519"},"modified":"2021-01-01T20:15:44","modified_gmt":"2021-01-01T19:15:44","slug":"carnet-16","status":"publish","type":"page","link":"https:\/\/nathaliehureau.fr\/index.php\/carnet-16\/","title":{"rendered":"Carnet 16"},"content":{"rendered":"<h2>R\u00e9sonances\u00a0 mars &#8211; avril 2011<\/h2>\n<h5><iframe loading=\"lazy\" src=\"https:\/\/player.vimeo.com\/video\/127396125?color=ffffff&amp;title=0&amp;byline=0&amp;portrait=0\" width=\"640\" height=\"400\" frameborder=\"0\" allowfullscreen=\"allowfullscreen\"><\/iframe><br \/>\ndur\u00e9e 3\u201932<br \/>\nConseil d\u2019\u00e9coute : ces ambiances t\u00e9nues sont pr\u00e9vues pour \u00eatre \u00e9cout\u00e9es au casque<br \/>\nou avec le volume de votre ordinateur au maximum.<\/h5>\n<p><span style=\"color: #999999;\"><em>\u00a9 Nathalie Hureau et Pascale Mons<\/em><\/span><\/p>\n","protected":false},"excerpt":{"rendered":"<p>R\u00e9sonances\u00a0 mars &#8211; avril 2011 dur\u00e9e 3\u201932 Conseil d\u2019\u00e9coute : ces ambiances t\u00e9nues sont pr\u00e9vues pour \u00eatre \u00e9cout\u00e9es au casque ou avec le volume de votre ordinateur au maximum. \u00a9 Nathalie Hureau et Pascale Mons<\/p>\n","protected":false},"author":1,"featured_media":0,"parent":0,"menu_order":0,"comment_status":"closed","ping_status":"open","template":"","meta":{"footnotes":""},"class_list":["post-1519","page","type-page","status-publish","hentry"],"_links":{"self":[{"href":"https:\/\/nathaliehureau.fr\/index.php\/wp-json\/wp\/v2\/pages\/1519","targetHints":{"allow":["GET"]}}],"collection":[{"href":"https:\/\/nathaliehureau.fr\/index.php\/wp-json\/wp\/v2\/pages"}],"about":[{"href":"https:\/\/nathaliehureau.fr\/index.php\/wp-json\/wp\/v2\/types\/page"}],"author":[{"embeddable":true,"href":"https:\/\/nathaliehureau.fr\/index.php\/wp-json\/wp\/v2\/users\/1"}],"replies":[{"embeddable":true,"href":"https:\/\/nathaliehureau.fr\/index.php\/wp-json\/wp\/v2\/comments?post=1519"}],"version-history":[{"count":9,"href":"https:\/\/nathaliehureau.fr\/index.php\/wp-json\/wp\/v2\/pages\/1519\/revisions"}],"predecessor-version":[{"id":2810,"href":"https:\/\/nathaliehureau.fr\/index.php\/wp-json\/wp\/v2\/pages\/1519\/revisions\/2810"}],"wp:attachment":[{"href":"https:\/\/nathaliehureau.fr\/index.php\/wp-json\/wp\/v2\/media?parent=1519"}],"curies":[{"name":"wp","href":"https:\/\/api.w.org\/{rel}","templated":true}]}}