{"id":1538,"date":"2015-05-08T21:25:11","date_gmt":"2015-05-08T20:25:11","guid":{"rendered":"http:\/\/nathaliehureau.fr\/?page_id=1538"},"modified":"2019-03-13T11:48:37","modified_gmt":"2019-03-13T10:48:37","slug":"l3v-avec-fabienne-siegwart","status":"publish","type":"page","link":"https:\/\/nathaliehureau.fr\/index.php\/l3v-avec-fabienne-siegwart\/","title":{"rendered":"L3V avec Fabienne Siegwart"},"content":{"rendered":"<h2><a href=\"http:\/\/nathaliehureau.fr\/?page_id=26\">L3V<\/a> Livre d\u2019artiste pour mt-galerie \/ format \u00ab\u00a0Leporello 3 volets\u00a0\u00bb<\/h2>\n<h2><img loading=\"lazy\" decoding=\"async\" class=\"alignright size-medium wp-image-1570\" src=\"http:\/\/nathaliehureau.fr\/wp-content\/uploads\/2015\/05\/1503-549sit-300x225.jpg\" alt=\"1503 549sit\" width=\"300\" height=\"225\" srcset=\"https:\/\/nathaliehureau.fr\/wp-content\/uploads\/2015\/05\/1503-549sit-300x225.jpg 300w, https:\/\/nathaliehureau.fr\/wp-content\/uploads\/2015\/05\/1503-549sit-1024x768.jpg 1024w, https:\/\/nathaliehureau.fr\/wp-content\/uploads\/2015\/05\/1503-549sit-624x468.jpg 624w, https:\/\/nathaliehureau.fr\/wp-content\/uploads\/2015\/05\/1503-549sit.jpg 1200w\" sizes=\"auto, (max-width: 300px) 100vw, 300px\" \/><\/h2>\n<p><strong>Auteur\u00a0: Nathalie Hureau <\/strong><br \/>\n<strong>Photographe\u00a0: <a href=\"http:\/\/nathaliehureau.fr\/?page_id=887\">Fabienne Siegwart<\/a><\/strong><br \/>\nmars 2015<\/p>\n<p>&nbsp;<\/p>\n<p>Pour d\u00e9couvrir le Livre d\u2019artiste L3V sous toutes ses faces, regardez l\u2019<a href=\"http:\/\/nathaliehureau.fr\/?page_id=1568\"><em>Instant<\/em> <em>9<\/em><\/a><\/p>\n<p>&nbsp;<\/p>\n<p>Pour les diff\u00e9rentes \u00e9tapes de sa<br \/>\nconception, les <em>Carnets en images <a href=\"https:\/\/nathaliehureau.fr\/?page_id=1892\">35<\/a> et <a href=\"https:\/\/nathaliehureau.fr\/?page_id=2102\">42<\/a><\/em><\/p>\n<p>&nbsp;<\/p>\n<h5 style=\"text-align: right;\"><span style=\"color: #999999;\">Textule: texte court \u00e9crit en relation avec un artiste<\/span><\/h5>\n<p style=\"padding-left: 30px;\"><em>OCCUP\u00c9S \u00c0\u2026<\/em><\/p>\n<p style=\"padding-left: 30px;\">Toujours cette sensation poignante<br \/>\nd\u2019abandon<br \/>\nface \u00e0 l\u2019ind\u00e9pendance<\/p>\n<p style=\"padding-left: 30px;\">Toujours cette fascination jalouse<br \/>\net insidieuse<br \/>\nface \u00e0 l\u2019indiff\u00e9rence<\/p>\n<p style=\"padding-left: 30px;\">Toujours cette admiration f\u00e9brile<br \/>\nface au flegme<br \/>\nintraitable des sans attaches<\/p>\n<p style=\"padding-left: 30px;\">Toujours ce d\u00e9sir impuissant<br \/>\nface \u00e0 la capacit\u00e9<br \/>\nde vivre, agir, fuir dans l\u2019instant<\/p>\n<p style=\"padding-left: 30px;\">Toujours cette joie surprenante<br \/>\nde vous rencontrer<\/p>\n<p style=\"padding-left: 30px;\">occup\u00e9s \u00e0\u2026<\/p>\n<p style=\"padding-left: 30px;\">la\u00a0 \u00a0 li\u00a0 \u00a0 ber\u00a0\u00a0\u00a0 t\u00e9<\/p>\n<p style=\"padding-left: 180px;\">Nathalie Hureau<\/p>\n","protected":false},"excerpt":{"rendered":"<p>L3V Livre d\u2019artiste pour mt-galerie \/ format \u00ab\u00a0Leporello 3 volets\u00a0\u00bb Auteur\u00a0: Nathalie Hureau Photographe\u00a0: Fabienne Siegwart mars 2015 &nbsp; Pour d\u00e9couvrir le Livre d\u2019artiste L3V sous toutes ses faces, regardez l\u2019Instant 9 &nbsp; Pour les diff\u00e9rentes \u00e9tapes de sa conception, les Carnets en images 35 et 42 &nbsp; Textule: texte court \u00e9crit en relation avec [&hellip;]<\/p>\n","protected":false},"author":1,"featured_media":0,"parent":0,"menu_order":0,"comment_status":"closed","ping_status":"open","template":"","meta":{"footnotes":""},"class_list":["post-1538","page","type-page","status-publish","hentry"],"_links":{"self":[{"href":"https:\/\/nathaliehureau.fr\/index.php\/wp-json\/wp\/v2\/pages\/1538","targetHints":{"allow":["GET"]}}],"collection":[{"href":"https:\/\/nathaliehureau.fr\/index.php\/wp-json\/wp\/v2\/pages"}],"about":[{"href":"https:\/\/nathaliehureau.fr\/index.php\/wp-json\/wp\/v2\/types\/page"}],"author":[{"embeddable":true,"href":"https:\/\/nathaliehureau.fr\/index.php\/wp-json\/wp\/v2\/users\/1"}],"replies":[{"embeddable":true,"href":"https:\/\/nathaliehureau.fr\/index.php\/wp-json\/wp\/v2\/comments?post=1538"}],"version-history":[{"count":28,"href":"https:\/\/nathaliehureau.fr\/index.php\/wp-json\/wp\/v2\/pages\/1538\/revisions"}],"predecessor-version":[{"id":2296,"href":"https:\/\/nathaliehureau.fr\/index.php\/wp-json\/wp\/v2\/pages\/1538\/revisions\/2296"}],"wp:attachment":[{"href":"https:\/\/nathaliehureau.fr\/index.php\/wp-json\/wp\/v2\/media?parent=1538"}],"curies":[{"name":"wp","href":"https:\/\/api.w.org\/{rel}","templated":true}]}}