{"id":1625,"date":"2015-12-14T15:05:26","date_gmt":"2015-12-14T14:05:26","guid":{"rendered":"http:\/\/nathaliehureau.fr\/?page_id=1625"},"modified":"2016-05-17T21:35:16","modified_gmt":"2016-05-17T20:35:16","slug":"instant-10","status":"publish","type":"page","link":"https:\/\/nathaliehureau.fr\/index.php\/instant-10\/","title":{"rendered":"Instant 10"},"content":{"rendered":"<h2>L3V avec Claire Child\u00e9ric<\/h2>\n<p><iframe loading=\"lazy\" src=\"https:\/\/player.vimeo.com\/video\/148873236?color=ffffff&#038;title=0&#038;byline=0&#038;portrait=0\" width=\"640\" height=\"400\" frameborder=\"0\" webkitallowfullscreen mozallowfullscreen allowfullscreen><\/iframe><br \/>\nd\u00e9cembre 2015<br \/>\ntr\u00e8s court film muet<br \/>\n28 secondes<\/p>\n<p>pour en savoir plus sur le Livre d&rsquo;artiste <a href=\"http:\/\/nathaliehureau.fr\/?page_id=1595\">L3V avec Claire Child\u00e9ric<\/a><\/p>\n<p><span style=\"color: #999999;\"><em>\u00a9Nathalie Hureau<\/em><\/span><\/p>\n","protected":false},"excerpt":{"rendered":"<p>L3V avec Claire Child\u00e9ric d\u00e9cembre 2015 tr\u00e8s court film muet 28 secondes pour en savoir plus sur le Livre d&rsquo;artiste L3V avec Claire Child\u00e9ric \u00a9Nathalie Hureau<\/p>\n","protected":false},"author":1,"featured_media":0,"parent":0,"menu_order":0,"comment_status":"closed","ping_status":"closed","template":"","meta":{"footnotes":""},"class_list":["post-1625","page","type-page","status-publish","hentry"],"_links":{"self":[{"href":"https:\/\/nathaliehureau.fr\/index.php\/wp-json\/wp\/v2\/pages\/1625","targetHints":{"allow":["GET"]}}],"collection":[{"href":"https:\/\/nathaliehureau.fr\/index.php\/wp-json\/wp\/v2\/pages"}],"about":[{"href":"https:\/\/nathaliehureau.fr\/index.php\/wp-json\/wp\/v2\/types\/page"}],"author":[{"embeddable":true,"href":"https:\/\/nathaliehureau.fr\/index.php\/wp-json\/wp\/v2\/users\/1"}],"replies":[{"embeddable":true,"href":"https:\/\/nathaliehureau.fr\/index.php\/wp-json\/wp\/v2\/comments?post=1625"}],"version-history":[{"count":5,"href":"https:\/\/nathaliehureau.fr\/index.php\/wp-json\/wp\/v2\/pages\/1625\/revisions"}],"predecessor-version":[{"id":1714,"href":"https:\/\/nathaliehureau.fr\/index.php\/wp-json\/wp\/v2\/pages\/1625\/revisions\/1714"}],"wp:attachment":[{"href":"https:\/\/nathaliehureau.fr\/index.php\/wp-json\/wp\/v2\/media?parent=1625"}],"curies":[{"name":"wp","href":"https:\/\/api.w.org\/{rel}","templated":true}]}}