{"id":1634,"date":"2015-12-15T22:47:45","date_gmt":"2015-12-15T21:47:45","guid":{"rendered":"http:\/\/nathaliehureau.fr\/?page_id=1634"},"modified":"2016-01-01T22:53:49","modified_gmt":"2016-01-01T21:53:49","slug":"claire-childeric","status":"publish","type":"page","link":"https:\/\/nathaliehureau.fr\/index.php\/claire-childeric\/","title":{"rendered":"CLAIRE CHILD\u00c9RIC"},"content":{"rendered":"<p>Claire Child\u00e9ric est cin\u00e9aste.<\/p>\n<p>Elle est directrice de la photographie pour le cin\u00e9ma de fiction \u2014 tous les films de D. Abel,<br \/>\nF. Gordon et B. Romy :\u00a0 <em>Rumba<\/em>, <em>La F\u00e9e<\/em>, <em>Paris pieds nus \u2014<\/em> ainsi que pour des films documentaires.<br \/>\nElle est r\u00e9alisatrice de films documentaires. Le dernier, <em>\u00c0 Cerb\u00e8re<\/em>, a \u00e9t\u00e9 s\u00e9lectionn\u00e9 au Cin\u00e9ma du R\u00e9el 2013.<br \/>\nElle intervient r\u00e9guli\u00e8rement dans le cadre d\u2019ateliers cin\u00e9ma \u00e0 La Cin\u00e9math\u00e8que fran\u00e7aise, ainsi qu\u2019\u00e0 l\u2019Universit\u00e9 Paris 8 pour des ateliers ou des stages de pratique Image aupr\u00e8s d\u2019enfants, d\u2019\u00e9tudiants ou d\u2019adultes.<\/p>\n<p>Parall\u00e8lement au cin\u00e9ma, elle con\u00e7oit les lumi\u00e8res pour le spectacle vivant (musique, th\u00e9\u00e2tre, cirque ou danse).<\/p>\n<div id=\"attachment_1645\" style=\"width: 609px\" class=\"wp-caption aligncenter\"><img loading=\"lazy\" decoding=\"async\" aria-describedby=\"caption-attachment-1645\" class=\"wp-image-1645 \" src=\"http:\/\/nathaliehureau.fr\/wp-content\/uploads\/2015\/12\/train-Claire-3886sit-1024x683.jpg\" alt=\"train Claire 3886sit\" width=\"599\" height=\"400\" srcset=\"https:\/\/nathaliehureau.fr\/wp-content\/uploads\/2015\/12\/train-Claire-3886sit-1024x683.jpg 1024w, https:\/\/nathaliehureau.fr\/wp-content\/uploads\/2015\/12\/train-Claire-3886sit-300x200.jpg 300w, https:\/\/nathaliehureau.fr\/wp-content\/uploads\/2015\/12\/train-Claire-3886sit-768x512.jpg 768w, https:\/\/nathaliehureau.fr\/wp-content\/uploads\/2015\/12\/train-Claire-3886sit-624x416.jpg 624w, https:\/\/nathaliehureau.fr\/wp-content\/uploads\/2015\/12\/train-Claire-3886sit.jpg 1200w\" sizes=\"auto, (max-width: 599px) 100vw, 599px\" \/><p id=\"caption-attachment-1645\" class=\"wp-caption-text\">\u00a9 Claire Child\u00e9ric 2015<\/p><\/div>\n<p>Visionnez\u00a0 <em><a href=\"https:\/\/vimeo.com\/69903598\" target=\"_blank\">\u00c0 Cerb\u00e8re<\/a>\u00a0 <\/em>sur Vim\u00e9o, dur\u00e9e : 37&prime;<br \/>\nProduction : Les Films du Viaduc, 2013<br \/>\nmot de passe : troisvoies<\/p>\n<p>&nbsp;<\/p>\n<p>&nbsp;<\/p>\n<p>&nbsp;<\/p>\n","protected":false},"excerpt":{"rendered":"<p>Claire Child\u00e9ric est cin\u00e9aste. Elle est directrice de la photographie pour le cin\u00e9ma de fiction \u2014 tous les films de D. Abel, F. Gordon et B. Romy :\u00a0 Rumba, La F\u00e9e, Paris pieds nus \u2014 ainsi que pour des films documentaires. Elle est r\u00e9alisatrice de films documentaires. Le dernier, \u00c0 Cerb\u00e8re, a \u00e9t\u00e9 s\u00e9lectionn\u00e9 au [&hellip;]<\/p>\n","protected":false},"author":1,"featured_media":0,"parent":0,"menu_order":0,"comment_status":"closed","ping_status":"closed","template":"","meta":{"footnotes":""},"class_list":["post-1634","page","type-page","status-publish","hentry"],"_links":{"self":[{"href":"https:\/\/nathaliehureau.fr\/index.php\/wp-json\/wp\/v2\/pages\/1634","targetHints":{"allow":["GET"]}}],"collection":[{"href":"https:\/\/nathaliehureau.fr\/index.php\/wp-json\/wp\/v2\/pages"}],"about":[{"href":"https:\/\/nathaliehureau.fr\/index.php\/wp-json\/wp\/v2\/types\/page"}],"author":[{"embeddable":true,"href":"https:\/\/nathaliehureau.fr\/index.php\/wp-json\/wp\/v2\/users\/1"}],"replies":[{"embeddable":true,"href":"https:\/\/nathaliehureau.fr\/index.php\/wp-json\/wp\/v2\/comments?post=1634"}],"version-history":[{"count":11,"href":"https:\/\/nathaliehureau.fr\/index.php\/wp-json\/wp\/v2\/pages\/1634\/revisions"}],"predecessor-version":[{"id":1661,"href":"https:\/\/nathaliehureau.fr\/index.php\/wp-json\/wp\/v2\/pages\/1634\/revisions\/1661"}],"wp:attachment":[{"href":"https:\/\/nathaliehureau.fr\/index.php\/wp-json\/wp\/v2\/media?parent=1634"}],"curies":[{"name":"wp","href":"https:\/\/api.w.org\/{rel}","templated":true}]}}