{"id":1697,"date":"2016-06-12T13:57:47","date_gmt":"2016-06-12T12:57:47","guid":{"rendered":"http:\/\/nathaliehureau.fr\/?page_id=1697"},"modified":"2021-01-01T21:53:57","modified_gmt":"2021-01-01T20:53:57","slug":"carnet-24","status":"publish","type":"page","link":"https:\/\/nathaliehureau.fr\/index.php\/carnet-24\/","title":{"rendered":"Carnet 24"},"content":{"rendered":"<h2>R\u00e9sonances\u00a0 juin &#8211; juillet 2012<\/h2>\n<h5><iframe loading=\"lazy\" src=\"https:\/\/player.vimeo.com\/video\/170308835?title=0&amp;byline=0&amp;portrait=0\" width=\"640\" height=\"400\" frameborder=\"0\" allowfullscreen=\"allowfullscreen\"><\/iframe><br \/>\ndur\u00e9e 2&rsquo;46<br \/>\nConseil d\u2019\u00e9coute : ces ambiances t\u00e9nues sont pr\u00e9vues pour \u00eatre \u00e9cout\u00e9es au casque<br \/>\nou avec le volume de votre ordinateur au maximum.<\/h5>\n<p><span style=\"color: #999999;\"><em>\u00a9 Nathalie Hureau et Pascale Mons<\/em><\/span><\/p>\n","protected":false},"excerpt":{"rendered":"<p>R\u00e9sonances\u00a0 juin &#8211; juillet 2012 dur\u00e9e 2&rsquo;46 Conseil d\u2019\u00e9coute : ces ambiances t\u00e9nues sont pr\u00e9vues pour \u00eatre \u00e9cout\u00e9es au casque ou avec le volume de votre ordinateur au maximum. \u00a9 Nathalie Hureau et Pascale Mons<\/p>\n","protected":false},"author":1,"featured_media":0,"parent":0,"menu_order":0,"comment_status":"closed","ping_status":"closed","template":"","meta":{"footnotes":""},"class_list":["post-1697","page","type-page","status-publish","hentry"],"_links":{"self":[{"href":"https:\/\/nathaliehureau.fr\/index.php\/wp-json\/wp\/v2\/pages\/1697","targetHints":{"allow":["GET"]}}],"collection":[{"href":"https:\/\/nathaliehureau.fr\/index.php\/wp-json\/wp\/v2\/pages"}],"about":[{"href":"https:\/\/nathaliehureau.fr\/index.php\/wp-json\/wp\/v2\/types\/page"}],"author":[{"embeddable":true,"href":"https:\/\/nathaliehureau.fr\/index.php\/wp-json\/wp\/v2\/users\/1"}],"replies":[{"embeddable":true,"href":"https:\/\/nathaliehureau.fr\/index.php\/wp-json\/wp\/v2\/comments?post=1697"}],"version-history":[{"count":5,"href":"https:\/\/nathaliehureau.fr\/index.php\/wp-json\/wp\/v2\/pages\/1697\/revisions"}],"predecessor-version":[{"id":2818,"href":"https:\/\/nathaliehureau.fr\/index.php\/wp-json\/wp\/v2\/pages\/1697\/revisions\/2818"}],"wp:attachment":[{"href":"https:\/\/nathaliehureau.fr\/index.php\/wp-json\/wp\/v2\/media?parent=1697"}],"curies":[{"name":"wp","href":"https:\/\/api.w.org\/{rel}","templated":true}]}}