{"id":1878,"date":"2017-06-29T08:11:53","date_gmt":"2017-06-29T07:11:53","guid":{"rendered":"http:\/\/nathaliehureau.fr\/?page_id=1878"},"modified":"2021-01-01T21:56:46","modified_gmt":"2021-01-01T20:56:46","slug":"carnet-27","status":"publish","type":"page","link":"https:\/\/nathaliehureau.fr\/index.php\/carnet-27\/","title":{"rendered":"Carnet 27"},"content":{"rendered":"<h2>R\u00e9sonances\u00a0 septembre &#8211; octobre &#8211; novembre 2012<\/h2>\n<h5><iframe loading=\"lazy\" src=\"https:\/\/player.vimeo.com\/video\/223569560?color=ffffff&amp;title=0&amp;byline=0&amp;portrait=0\" width=\"640\" height=\"400\" frameborder=\"0\" allowfullscreen=\"allowfullscreen\"><\/iframe><br \/>\ndur\u00e9e 2&rsquo;37<br \/>\nConseil d\u2019\u00e9coute : ces ambiances t\u00e9nues sont pr\u00e9vues pour \u00eatre \u00e9cout\u00e9es au casque<br \/>\nou avec le volume de votre ordinateur au maximum.<\/h5>\n<p><span style=\"color: #999999;\"><em>\u00a9 Nathalie Hureau et Pascale Mons<\/em><\/span><\/p>\n","protected":false},"excerpt":{"rendered":"<p>R\u00e9sonances\u00a0 septembre &#8211; octobre &#8211; novembre 2012 dur\u00e9e 2&rsquo;37 Conseil d\u2019\u00e9coute : ces ambiances t\u00e9nues sont pr\u00e9vues pour \u00eatre \u00e9cout\u00e9es au casque ou avec le volume de votre ordinateur au maximum. \u00a9 Nathalie Hureau et Pascale Mons<\/p>\n","protected":false},"author":1,"featured_media":0,"parent":0,"menu_order":0,"comment_status":"closed","ping_status":"closed","template":"","meta":{"footnotes":""},"class_list":["post-1878","page","type-page","status-publish","hentry"],"_links":{"self":[{"href":"https:\/\/nathaliehureau.fr\/index.php\/wp-json\/wp\/v2\/pages\/1878","targetHints":{"allow":["GET"]}}],"collection":[{"href":"https:\/\/nathaliehureau.fr\/index.php\/wp-json\/wp\/v2\/pages"}],"about":[{"href":"https:\/\/nathaliehureau.fr\/index.php\/wp-json\/wp\/v2\/types\/page"}],"author":[{"embeddable":true,"href":"https:\/\/nathaliehureau.fr\/index.php\/wp-json\/wp\/v2\/users\/1"}],"replies":[{"embeddable":true,"href":"https:\/\/nathaliehureau.fr\/index.php\/wp-json\/wp\/v2\/comments?post=1878"}],"version-history":[{"count":6,"href":"https:\/\/nathaliehureau.fr\/index.php\/wp-json\/wp\/v2\/pages\/1878\/revisions"}],"predecessor-version":[{"id":2824,"href":"https:\/\/nathaliehureau.fr\/index.php\/wp-json\/wp\/v2\/pages\/1878\/revisions\/2824"}],"wp:attachment":[{"href":"https:\/\/nathaliehureau.fr\/index.php\/wp-json\/wp\/v2\/media?parent=1878"}],"curies":[{"name":"wp","href":"https:\/\/api.w.org\/{rel}","templated":true}]}}