{"id":2169,"date":"2019-02-14T16:57:18","date_gmt":"2019-02-14T15:57:18","guid":{"rendered":"https:\/\/nathaliehureau.fr\/?page_id=2169"},"modified":"2021-01-01T22:12:00","modified_gmt":"2021-01-01T21:12:00","slug":"carnet-43","status":"publish","type":"page","link":"https:\/\/nathaliehureau.fr\/index.php\/carnet-43\/","title":{"rendered":"Carnet 43"},"content":{"rendered":"<h2>Lithique 2\u00a0\u00a0 avril &#8211; octobre 2015<\/h2>\n<h5><iframe loading=\"lazy\" src=\"https:\/\/player.vimeo.com\/video\/316637865?color=ffffff&amp;title=0&amp;byline=0&amp;portrait=0\" width=\"640\" height=\"400\" frameborder=\"0\" allowfullscreen=\"allowfullscreen\"><\/iframe>dur\u00e9e 4&rsquo;13<br \/>\nConseil d\u2019\u00e9coute : ces ambiances t\u00e9nues sont pr\u00e9vues pour \u00eatre \u00e9cout\u00e9es au casque<br \/>\nou avec le volume de votre ordinateur au maximum.<\/h5>\n<p><span style=\"color: #999999;\"><em>\u00a9 Nathalie Hureau et Pascale Mons<\/em><\/span><\/p>\n","protected":false},"excerpt":{"rendered":"<p>Lithique 2\u00a0\u00a0 avril &#8211; octobre 2015 dur\u00e9e 4&rsquo;13 Conseil d\u2019\u00e9coute : ces ambiances t\u00e9nues sont pr\u00e9vues pour \u00eatre \u00e9cout\u00e9es au casque ou avec le volume de votre ordinateur au maximum. \u00a9 Nathalie Hureau et Pascale Mons<\/p>\n","protected":false},"author":1,"featured_media":0,"parent":0,"menu_order":0,"comment_status":"closed","ping_status":"closed","template":"","meta":{"footnotes":""},"class_list":["post-2169","page","type-page","status-publish","hentry"],"_links":{"self":[{"href":"https:\/\/nathaliehureau.fr\/index.php\/wp-json\/wp\/v2\/pages\/2169","targetHints":{"allow":["GET"]}}],"collection":[{"href":"https:\/\/nathaliehureau.fr\/index.php\/wp-json\/wp\/v2\/pages"}],"about":[{"href":"https:\/\/nathaliehureau.fr\/index.php\/wp-json\/wp\/v2\/types\/page"}],"author":[{"embeddable":true,"href":"https:\/\/nathaliehureau.fr\/index.php\/wp-json\/wp\/v2\/users\/1"}],"replies":[{"embeddable":true,"href":"https:\/\/nathaliehureau.fr\/index.php\/wp-json\/wp\/v2\/comments?post=2169"}],"version-history":[{"count":5,"href":"https:\/\/nathaliehureau.fr\/index.php\/wp-json\/wp\/v2\/pages\/2169\/revisions"}],"predecessor-version":[{"id":2854,"href":"https:\/\/nathaliehureau.fr\/index.php\/wp-json\/wp\/v2\/pages\/2169\/revisions\/2854"}],"wp:attachment":[{"href":"https:\/\/nathaliehureau.fr\/index.php\/wp-json\/wp\/v2\/media?parent=2169"}],"curies":[{"name":"wp","href":"https:\/\/api.w.org\/{rel}","templated":true}]}}