{"id":22,"date":"2013-12-24T19:58:14","date_gmt":"2013-12-24T18:58:14","guid":{"rendered":"http:\/\/nathaliehureau.fr\/?page_id=22"},"modified":"2017-06-30T21:26:43","modified_gmt":"2017-06-30T20:26:43","slug":"l3v-avec-michel-caron","status":"publish","type":"page","link":"https:\/\/nathaliehureau.fr\/index.php\/l3v-avec-michel-caron\/","title":{"rendered":"L3V avec Michel Caron"},"content":{"rendered":"<h2 style=\"text-align: left;\"><a href=\"http:\/\/nathaliehureau.fr\/?page_id=26\">L3V<\/a> Livre d\u2019artiste pour mt-galerie \/ format \u00ab\u00a0Leporello 3 volets\u00a0\u00bb<\/h2>\n<p><strong><img loading=\"lazy\" decoding=\"async\" class=\"alignright size-medium wp-image-226\" src=\"http:\/\/nathaliehureau.fr\/wp-content\/uploads\/2013\/12\/1204-476sit-300x225.jpg\" alt=\"1204 476sit\" width=\"300\" height=\"225\" srcset=\"https:\/\/nathaliehureau.fr\/wp-content\/uploads\/2013\/12\/1204-476sit-300x225.jpg 300w, https:\/\/nathaliehureau.fr\/wp-content\/uploads\/2013\/12\/1204-476sit-1024x768.jpg 1024w, https:\/\/nathaliehureau.fr\/wp-content\/uploads\/2013\/12\/1204-476sit-624x468.jpg 624w, https:\/\/nathaliehureau.fr\/wp-content\/uploads\/2013\/12\/1204-476sit.jpg 1200w\" sizes=\"auto, (max-width: 300px) 100vw, 300px\" \/><\/strong><\/p>\n<p><strong>Auteur\u00a0: Nathalie Hureau<\/strong><br \/>\n<strong> Artiste plasticien\u00a0: <a href=\"http:\/\/nathaliehureau.fr\/?page_id=24\">Michel Caron<\/a><\/strong><br \/>\nmars 2012<\/p>\n<p>&nbsp;<\/p>\n<p>Pour d\u00e9couvrir le Livre d\u2019artiste L3V sous toutes ses faces, regardez l\u2019<a href=\"http:\/\/nathaliehureau.fr\/?page_id=1095\"><em>Instant<\/em> <em>1<\/em><\/a><\/p>\n<p>&nbsp;<\/p>\n<p>Pour les diff\u00e9rentes \u00e9tapes de sa<br \/>\nconception, le <a href=\"http:\/\/nathaliehureau.fr\/?page_id=1693\"><em>Carnet en images 22<\/em><\/a><\/p>\n<p>&nbsp;<\/p>\n<h5 style=\"text-align: right;\"><span style=\"color: #808080;\">Textule: texte court \u00e9crit en relation avec un artiste<\/span><\/h5>\n<p style=\"text-align: left;\"><span style=\"color: #333333;\"><em>ENTRE \u2014 AIDE<\/em><\/span><\/p>\n<p style=\"text-align: justify;\">Je porte en moi une pierre. Elle est belle, rugueuse, plate. Chaque jour je la tiens, pour qu\u2019elle s\u2019impr\u00e8gne de la chaleur de mes mains. Pos\u00e9e sur ma paume, elle la recouvre. Enti\u00e8re. Et p\u00e8se. Bient\u00f4t, je ne peux la tenir sans chercher un appui. Au creux de ma main, son poids s\u2019ajuste au nouveau support. S\u2019adapte. Un temps. Puis p\u00e8se. \u00c0 nouveau. Si je lutte, si je raidis mes doigts. Je tiens encore. En force. Mais la pierre l\u2019emporte. Elle \u00e9crase ma paume. Ma peau. Je dois la l\u00e2cher. La d\u00e9poser. J\u2019essaie encore. Sans y parvenir. De la soulever. La d\u00e9placer. Mais, seules, mes deux mains ne suffisent pas. Il faut \u00eatre au moins deux, trois, plusieurs. Pour chercher l\u2019appui, le point d\u2019\u00e9quilibre qui la fera s\u2019\u00e9lever. Droite. Sur sa tranche \u00e9troite. Ma pierre. Appuy\u00e9e en moi. Granit. Sur l\u2019horizon, dress\u00e9.<\/p>\n<p style=\"text-align: right;\">Nathalie Hureau<\/p>\n","protected":false},"excerpt":{"rendered":"<p>L3V Livre d\u2019artiste pour mt-galerie \/ format \u00ab\u00a0Leporello 3 volets\u00a0\u00bb Auteur\u00a0: Nathalie Hureau Artiste plasticien\u00a0: Michel Caron mars 2012 &nbsp; Pour d\u00e9couvrir le Livre d\u2019artiste L3V sous toutes ses faces, regardez l\u2019Instant 1 &nbsp; Pour les diff\u00e9rentes \u00e9tapes de sa conception, le Carnet en images 22 &nbsp; Textule: texte court \u00e9crit en relation avec un [&hellip;]<\/p>\n","protected":false},"author":1,"featured_media":0,"parent":0,"menu_order":0,"comment_status":"closed","ping_status":"open","template":"","meta":{"footnotes":""},"class_list":["post-22","page","type-page","status-publish","hentry"],"_links":{"self":[{"href":"https:\/\/nathaliehureau.fr\/index.php\/wp-json\/wp\/v2\/pages\/22","targetHints":{"allow":["GET"]}}],"collection":[{"href":"https:\/\/nathaliehureau.fr\/index.php\/wp-json\/wp\/v2\/pages"}],"about":[{"href":"https:\/\/nathaliehureau.fr\/index.php\/wp-json\/wp\/v2\/types\/page"}],"author":[{"embeddable":true,"href":"https:\/\/nathaliehureau.fr\/index.php\/wp-json\/wp\/v2\/users\/1"}],"replies":[{"embeddable":true,"href":"https:\/\/nathaliehureau.fr\/index.php\/wp-json\/wp\/v2\/comments?post=22"}],"version-history":[{"count":49,"href":"https:\/\/nathaliehureau.fr\/index.php\/wp-json\/wp\/v2\/pages\/22\/revisions"}],"predecessor-version":[{"id":2025,"href":"https:\/\/nathaliehureau.fr\/index.php\/wp-json\/wp\/v2\/pages\/22\/revisions\/2025"}],"wp:attachment":[{"href":"https:\/\/nathaliehureau.fr\/index.php\/wp-json\/wp\/v2\/media?parent=22"}],"curies":[{"name":"wp","href":"https:\/\/api.w.org\/{rel}","templated":true}]}}