{"id":2300,"date":"2019-03-31T18:37:38","date_gmt":"2019-03-31T17:37:38","guid":{"rendered":"https:\/\/nathaliehureau.fr\/?page_id=2300"},"modified":"2019-03-31T18:37:38","modified_gmt":"2019-03-31T17:37:38","slug":"instant-13","status":"publish","type":"page","link":"https:\/\/nathaliehureau.fr\/index.php\/instant-13\/","title":{"rendered":"Instant 13"},"content":{"rendered":"<h2>pour Agn\u00e8s Varda<\/h2>\n<p><iframe loading=\"lazy\" src=\"https:\/\/player.vimeo.com\/video\/327578608?color=ffffff&amp;title=0&amp;byline=0&amp;portrait=0\" width=\"640\" height=\"400\" frameborder=\"0\" allowfullscreen=\"allowfullscreen\"><\/iframe><\/p>\n<p>mars 2019<br \/>\ntr\u00e8s court film muet<br \/>\ndur\u00e9e 18 secondes<\/p>\n<p><span style=\"color: #999999;\"><em>\u00a9 Nathalie Hureau<\/em><\/span><\/p>\n","protected":false},"excerpt":{"rendered":"<p>pour Agn\u00e8s Varda mars 2019 tr\u00e8s court film muet dur\u00e9e 18 secondes \u00a9 Nathalie Hureau<\/p>\n","protected":false},"author":1,"featured_media":0,"parent":0,"menu_order":0,"comment_status":"closed","ping_status":"closed","template":"","meta":{"footnotes":""},"class_list":["post-2300","page","type-page","status-publish","hentry"],"_links":{"self":[{"href":"https:\/\/nathaliehureau.fr\/index.php\/wp-json\/wp\/v2\/pages\/2300","targetHints":{"allow":["GET"]}}],"collection":[{"href":"https:\/\/nathaliehureau.fr\/index.php\/wp-json\/wp\/v2\/pages"}],"about":[{"href":"https:\/\/nathaliehureau.fr\/index.php\/wp-json\/wp\/v2\/types\/page"}],"author":[{"embeddable":true,"href":"https:\/\/nathaliehureau.fr\/index.php\/wp-json\/wp\/v2\/users\/1"}],"replies":[{"embeddable":true,"href":"https:\/\/nathaliehureau.fr\/index.php\/wp-json\/wp\/v2\/comments?post=2300"}],"version-history":[{"count":6,"href":"https:\/\/nathaliehureau.fr\/index.php\/wp-json\/wp\/v2\/pages\/2300\/revisions"}],"predecessor-version":[{"id":2308,"href":"https:\/\/nathaliehureau.fr\/index.php\/wp-json\/wp\/v2\/pages\/2300\/revisions\/2308"}],"wp:attachment":[{"href":"https:\/\/nathaliehureau.fr\/index.php\/wp-json\/wp\/v2\/media?parent=2300"}],"curies":[{"name":"wp","href":"https:\/\/api.w.org\/{rel}","templated":true}]}}