{"id":2326,"date":"2019-05-08T16:58:46","date_gmt":"2019-05-08T15:58:46","guid":{"rendered":"https:\/\/nathaliehureau.fr\/?page_id=2326"},"modified":"2021-01-01T22:22:00","modified_gmt":"2021-01-01T21:22:00","slug":"carnet-51-parietal-2","status":"publish","type":"page","link":"https:\/\/nathaliehureau.fr\/index.php\/carnet-51-parietal-2\/","title":{"rendered":"Carnet 51 &#8211; Pari\u00e9tal 2"},"content":{"rendered":"<h2>avec une musique originale d&rsquo;<a href=\"http:\/\/erik-daniel.wixsite.com\/ericdaniel\" target=\"_blank\" rel=\"noopener noreferrer\">Eric Daniel<\/a><\/h2>\n<h5><iframe loading=\"lazy\" src=\"https:\/\/player.vimeo.com\/video\/334920061?color=ffffff&amp;title=0&amp;byline=0&amp;portrait=0\" width=\"640\" height=\"400\" frameborder=\"0\" allowfullscreen=\"allowfullscreen\"><\/iframe>dur\u00e9e 2&rsquo;15<br \/>\njuillet 2016 &#8211; avril 2017<\/h5>\n<h3>D\u00e9couvrez l&rsquo;autre version sonore du <a href=\"https:\/\/nathaliehureau.fr\/?page_id=2184\" target=\"_blank\" rel=\"noopener noreferrer\">Carnet 51 &#8211; Pari\u00e9tal 1<\/a><br \/>\navec une bande sonore originale de <a href=\"https:\/\/www.pascalemons.com\/\" target=\"_blank\" rel=\"noopener noreferrer\">Pascale Mons<\/a><\/h3>\n<h5>Conseil d\u2019\u00e9coute : ces ambiances t\u00e9nues sont pr\u00e9vues pour \u00eatre \u00e9cout\u00e9es au casque<br \/>\nou avec le volume de votre ordinateur au maximum.<\/h5>\n<p><span style=\"color: #999999;\"><em>\u00a9 Nathalie Hureau et Eric Daniel<\/em><\/span><\/p>\n","protected":false},"excerpt":{"rendered":"<p>avec une musique originale d&rsquo;Eric Daniel dur\u00e9e 2&rsquo;15 juillet 2016 &#8211; avril 2017 D\u00e9couvrez l&rsquo;autre version sonore du Carnet 51 &#8211; Pari\u00e9tal 1 avec une bande sonore originale de Pascale Mons Conseil d\u2019\u00e9coute : ces ambiances t\u00e9nues sont pr\u00e9vues pour \u00eatre \u00e9cout\u00e9es au casque ou avec le volume de votre ordinateur au maximum. \u00a9 Nathalie [&hellip;]<\/p>\n","protected":false},"author":1,"featured_media":0,"parent":0,"menu_order":0,"comment_status":"closed","ping_status":"closed","template":"","meta":{"footnotes":""},"class_list":["post-2326","page","type-page","status-publish","hentry"],"_links":{"self":[{"href":"https:\/\/nathaliehureau.fr\/index.php\/wp-json\/wp\/v2\/pages\/2326","targetHints":{"allow":["GET"]}}],"collection":[{"href":"https:\/\/nathaliehureau.fr\/index.php\/wp-json\/wp\/v2\/pages"}],"about":[{"href":"https:\/\/nathaliehureau.fr\/index.php\/wp-json\/wp\/v2\/types\/page"}],"author":[{"embeddable":true,"href":"https:\/\/nathaliehureau.fr\/index.php\/wp-json\/wp\/v2\/users\/1"}],"replies":[{"embeddable":true,"href":"https:\/\/nathaliehureau.fr\/index.php\/wp-json\/wp\/v2\/comments?post=2326"}],"version-history":[{"count":7,"href":"https:\/\/nathaliehureau.fr\/index.php\/wp-json\/wp\/v2\/pages\/2326\/revisions"}],"predecessor-version":[{"id":2870,"href":"https:\/\/nathaliehureau.fr\/index.php\/wp-json\/wp\/v2\/pages\/2326\/revisions\/2870"}],"wp:attachment":[{"href":"https:\/\/nathaliehureau.fr\/index.php\/wp-json\/wp\/v2\/media?parent=2326"}],"curies":[{"name":"wp","href":"https:\/\/api.w.org\/{rel}","templated":true}]}}