{"id":2555,"date":"2019-12-10T20:17:22","date_gmt":"2019-12-10T19:17:22","guid":{"rendered":"https:\/\/nathaliehureau.fr\/?page_id=2555"},"modified":"2019-12-10T20:35:17","modified_gmt":"2019-12-10T19:35:17","slug":"carnet-55","status":"publish","type":"page","link":"https:\/\/nathaliehureau.fr\/index.php\/carnet-55\/","title":{"rendered":"Carnet 55"},"content":{"rendered":"<h3>Int\u00e9rieurs Ext\u00e9rieurs<\/h3>\n<p><iframe loading=\"lazy\" src=\"https:\/\/player.vimeo.com\/video\/378607039?color=ffffff&amp;title=0&amp;byline=0&amp;portrait=0\" width=\"640\" height=\"400\" frameborder=\"0\" allowfullscreen=\"allowfullscreen\"><\/iframe><\/p>\n<p><strong>le <em>Carnet en images n\u00b055<\/em> a \u00e9t\u00e9 con\u00e7u et imprim\u00e9<\/strong><br \/>\n<strong>pour l&rsquo;<a href=\"https:\/\/nathaliehureau.fr\/?page_id=2461\">exposition <em>Int\u00e9rieurs Ext\u00e9rieurs <\/em><\/a><\/strong><\/p>\n<p>description:<br \/>\n32 pages &#8211; 28 photographies<br \/>\nESCOURBIAC l\u2019imprimeur, octobre 2019<br \/>\ntirage 100 exemplaires<br \/>\nprix 25\u20ac<br \/>\n<span style=\"color: #808080;\">commande par mail sur ce site<\/span><\/p>\n","protected":false},"excerpt":{"rendered":"<p>Int\u00e9rieurs Ext\u00e9rieurs le Carnet en images n\u00b055 a \u00e9t\u00e9 con\u00e7u et imprim\u00e9 pour l&rsquo;exposition Int\u00e9rieurs Ext\u00e9rieurs description: 32 pages &#8211; 28 photographies ESCOURBIAC l\u2019imprimeur, octobre 2019 tirage 100 exemplaires prix 25\u20ac commande par mail sur ce site<\/p>\n","protected":false},"author":1,"featured_media":0,"parent":0,"menu_order":0,"comment_status":"closed","ping_status":"closed","template":"","meta":{"footnotes":""},"class_list":["post-2555","page","type-page","status-publish","hentry"],"_links":{"self":[{"href":"https:\/\/nathaliehureau.fr\/index.php\/wp-json\/wp\/v2\/pages\/2555","targetHints":{"allow":["GET"]}}],"collection":[{"href":"https:\/\/nathaliehureau.fr\/index.php\/wp-json\/wp\/v2\/pages"}],"about":[{"href":"https:\/\/nathaliehureau.fr\/index.php\/wp-json\/wp\/v2\/types\/page"}],"author":[{"embeddable":true,"href":"https:\/\/nathaliehureau.fr\/index.php\/wp-json\/wp\/v2\/users\/1"}],"replies":[{"embeddable":true,"href":"https:\/\/nathaliehureau.fr\/index.php\/wp-json\/wp\/v2\/comments?post=2555"}],"version-history":[{"count":18,"href":"https:\/\/nathaliehureau.fr\/index.php\/wp-json\/wp\/v2\/pages\/2555\/revisions"}],"predecessor-version":[{"id":2574,"href":"https:\/\/nathaliehureau.fr\/index.php\/wp-json\/wp\/v2\/pages\/2555\/revisions\/2574"}],"wp:attachment":[{"href":"https:\/\/nathaliehureau.fr\/index.php\/wp-json\/wp\/v2\/media?parent=2555"}],"curies":[{"name":"wp","href":"https:\/\/api.w.org\/{rel}","templated":true}]}}