{"id":2627,"date":"2020-07-08T10:45:33","date_gmt":"2020-07-08T09:45:33","guid":{"rendered":"https:\/\/nathaliehureau.fr\/?page_id=2627"},"modified":"2022-12-11T22:47:10","modified_gmt":"2022-12-11T21:47:10","slug":"exposition-pages-arrachees-a","status":"publish","type":"page","link":"https:\/\/nathaliehureau.fr\/index.php\/exposition-pages-arrachees-a\/","title":{"rendered":"Exposition <em>Pages arrach\u00e9es \u00e0\u2026<\/em>"},"content":{"rendered":"<h3>24 juin &#8211; 10 juillet 2020 \/ Galerie Le Cerisier<\/h3>\n<p><strong><img loading=\"lazy\" decoding=\"async\" class=\"alignright wp-image-2632\" src=\"https:\/\/nathaliehureau.fr\/wp-content\/uploads\/2020\/07\/20062959sit-300x225.jpg\" alt=\"\" width=\"300\" height=\"225\" srcset=\"https:\/\/nathaliehureau.fr\/wp-content\/uploads\/2020\/07\/20062959sit-300x225.jpg 300w, https:\/\/nathaliehureau.fr\/wp-content\/uploads\/2020\/07\/20062959sit-1024x768.jpg 1024w, https:\/\/nathaliehureau.fr\/wp-content\/uploads\/2020\/07\/20062959sit-768x576.jpg 768w, https:\/\/nathaliehureau.fr\/wp-content\/uploads\/2020\/07\/20062959sit-624x468.jpg 624w, https:\/\/nathaliehureau.fr\/wp-content\/uploads\/2020\/07\/20062959sit.jpg 1200w\" sizes=\"auto, (max-width: 300px) 100vw, 300px\" \/>Mon chat, mon double, est la muse<br \/>\nde ces<em> Pages arrach\u00e9es \u00e0\u2026<br \/>\n<\/em><\/strong><\/p>\n<p><strong>L\u2019\u00e9vocation f\u00e9line de mes sentiments.<\/strong><\/p>\n<p><strong>Un mot, 1 ou 2 photographies, associ\u00e9s. <\/strong><br \/>\n<strong>En r\u00e9sonance.<\/strong><\/p>\n<h5><strong><em><span style=\"color: #808080;\">Pages arrach\u00e9es<\/span> <img loading=\"lazy\" decoding=\"async\" class=\"alignright size-medium wp-image-2635\" src=\"https:\/\/nathaliehureau.fr\/wp-content\/uploads\/2020\/07\/20063106sit-300x225.jpg\" alt=\"\" width=\"300\" height=\"225\" srcset=\"https:\/\/nathaliehureau.fr\/wp-content\/uploads\/2020\/07\/20063106sit-300x225.jpg 300w, https:\/\/nathaliehureau.fr\/wp-content\/uploads\/2020\/07\/20063106sit-1024x768.jpg 1024w, https:\/\/nathaliehureau.fr\/wp-content\/uploads\/2020\/07\/20063106sit-768x576.jpg 768w, https:\/\/nathaliehureau.fr\/wp-content\/uploads\/2020\/07\/20063106sit-624x468.jpg 624w, https:\/\/nathaliehureau.fr\/wp-content\/uploads\/2020\/07\/20063106sit.jpg 1200w\" sizes=\"auto, (max-width: 300px) 100vw, 300px\" \/><img loading=\"lazy\" decoding=\"async\" class=\"alignright size-medium wp-image-2649\" src=\"https:\/\/nathaliehureau.fr\/wp-content\/uploads\/2020\/07\/20063092sit-300x225.jpg\" alt=\"\" width=\"300\" height=\"225\" srcset=\"https:\/\/nathaliehureau.fr\/wp-content\/uploads\/2020\/07\/20063092sit-300x225.jpg 300w, https:\/\/nathaliehureau.fr\/wp-content\/uploads\/2020\/07\/20063092sit-1024x768.jpg 1024w, https:\/\/nathaliehureau.fr\/wp-content\/uploads\/2020\/07\/20063092sit-768x576.jpg 768w, https:\/\/nathaliehureau.fr\/wp-content\/uploads\/2020\/07\/20063092sit-624x468.jpg 624w, https:\/\/nathaliehureau.fr\/wp-content\/uploads\/2020\/07\/20063092sit.jpg 1200w\" sizes=\"auto, (max-width: 300px) 100vw, 300px\" \/><img loading=\"lazy\" decoding=\"async\" class=\"alignright size-medium wp-image-2650\" src=\"https:\/\/nathaliehureau.fr\/wp-content\/uploads\/2020\/07\/20063087sit-300x225.jpg\" alt=\"\" width=\"300\" height=\"225\" srcset=\"https:\/\/nathaliehureau.fr\/wp-content\/uploads\/2020\/07\/20063087sit-300x225.jpg 300w, https:\/\/nathaliehureau.fr\/wp-content\/uploads\/2020\/07\/20063087sit-1024x768.jpg 1024w, https:\/\/nathaliehureau.fr\/wp-content\/uploads\/2020\/07\/20063087sit-768x576.jpg 768w, https:\/\/nathaliehureau.fr\/wp-content\/uploads\/2020\/07\/20063087sit-624x468.jpg 624w, https:\/\/nathaliehureau.fr\/wp-content\/uploads\/2020\/07\/20063087sit.jpg 1200w\" sizes=\"auto, (max-width: 300px) 100vw, 300px\" \/><\/em><\/strong><br \/>\n<strong><em><span style=\"color: #808080;\">\u00e0\u2026<\/span><br \/>\n<\/em><\/strong><span style=\"color: #333333;\">la libert\u00e9,<\/span><br \/>\n<span style=\"color: #333333;\">la connivence,<\/span><br \/>\nmon effroi,<br \/>\nl\u2019\u00e9merveillement,<br \/>\nla dualit\u00e9,<br \/>\nma m\u00e9moire,<br \/>\nmon \u00e9moi,<br \/>\nma douleur,<br \/>\nla confiance,<br \/>\nma fiert\u00e9,<br \/>\nma protection,<br \/>\nl\u2019oubli,<br \/>\nla douceur,<br \/>\nla compassion,<br \/>\nmes obsessions,<br \/>\nla solitude,<br \/>\nl\u2019harmonie,<br \/>\nl\u2019\u00e9criture,<br \/>\nmon admiration,<br \/>\nmon combat,<br \/>\nla fragilit\u00e9,<br \/>\nma contemplation,<br \/>\nma tendresse,<br \/>\nau songe,<br \/>\nau bonheur<\/h5>\n<p>&nbsp;<\/p>\n<h4><strong><img loading=\"lazy\" decoding=\"async\" class=\"alignright size-medium wp-image-2651\" src=\"https:\/\/nathaliehureau.fr\/wp-content\/uploads\/2020\/07\/20062939sit-300x225.jpg\" alt=\"\" width=\"300\" height=\"225\" srcset=\"https:\/\/nathaliehureau.fr\/wp-content\/uploads\/2020\/07\/20062939sit-300x225.jpg 300w, https:\/\/nathaliehureau.fr\/wp-content\/uploads\/2020\/07\/20062939sit-1024x768.jpg 1024w, https:\/\/nathaliehureau.fr\/wp-content\/uploads\/2020\/07\/20062939sit-768x576.jpg 768w, https:\/\/nathaliehureau.fr\/wp-content\/uploads\/2020\/07\/20062939sit-624x468.jpg 624w, https:\/\/nathaliehureau.fr\/wp-content\/uploads\/2020\/07\/20062939sit.jpg 1200w\" sizes=\"auto, (max-width: 300px) 100vw, 300px\" \/>Pour l\u2019exposition collective<\/strong><br \/>\n<strong>PR\u00c9SENCES ANIMALES<\/strong><\/h4>\n<p><strong>j\u2019ai arrach\u00e9 ces <em>Pages<\/em> <\/strong><br \/>\n<strong>\u00e0 mes <a href=\"https:\/\/nathaliehureau.fr\/?page_id=41\"><em>Carn<\/em><em>ets en images<\/em><\/a>\u2026<\/strong><\/p>\n<p>&nbsp;<\/p>\n<p>&nbsp;<\/p>\n<p>&nbsp;<\/p>\n<h5><span style=\"color: #808080;\">T\u00e9l\u00e9chargez le <a href=\"https:\/\/nathaliehureau.fr\/wp-content\/uploads\/2020\/07\/exposition-pages-arrache\u0301es.pdf.zip\">dossier de l&rsquo;exposition<\/a><br \/>\n<\/span><\/h5>\n<p><img loading=\"lazy\" decoding=\"async\" class=\"alignright wp-image-2658\" src=\"https:\/\/nathaliehureau.fr\/wp-content\/uploads\/2020\/07\/20063005sit-768x1024.jpg\" alt=\"\" width=\"440\" height=\"587\" srcset=\"https:\/\/nathaliehureau.fr\/wp-content\/uploads\/2020\/07\/20063005sit-768x1024.jpg 768w, https:\/\/nathaliehureau.fr\/wp-content\/uploads\/2020\/07\/20063005sit-225x300.jpg 225w, https:\/\/nathaliehureau.fr\/wp-content\/uploads\/2020\/07\/20063005sit-1152x1536.jpg 1152w, https:\/\/nathaliehureau.fr\/wp-content\/uploads\/2020\/07\/20063005sit-624x832.jpg 624w, https:\/\/nathaliehureau.fr\/wp-content\/uploads\/2020\/07\/20063005sit.jpg 1200w\" sizes=\"auto, (max-width: 440px) 100vw, 440px\" \/><\/p>\n<p>&nbsp;<\/p>\n<p><strong>Exposition collective PR\u00c9SENCES ANIMALES<\/strong><\/p>\n<p><strong>24 juin &#8211; 10 juillet 2020\u00a0 <\/strong><\/p>\n<p><strong>Galerie Le Cerisier<br \/>\n<\/strong>42 quai des C\u00e9lestins<br \/>\n75004 Paris<br \/>\nm\u00e9tro Pont Marie \/<br \/>\nSaint Paul<\/p>\n<p>mercredi \/ dimanche<br \/>\n14h-18h<br \/>\net sur rendez-vous<span style=\"color: #808080;\"><br \/>\n<\/span><\/p>\n<p>&nbsp;<\/p>\n<h5><span style=\"color: #808080;\">T\u00e9l\u00e9chargez le dossier de presse <a href=\"https:\/\/nathaliehureau.fr\/wp-content\/uploads\/2020\/06\/PRESENCES-ANIMALES.pdf.zip\">PR\u00c9SENCES ANIMALES<\/a><\/span><\/h5>\n","protected":false},"excerpt":{"rendered":"<p>24 juin &#8211; 10 juillet 2020 \/ Galerie Le Cerisier Mon chat, mon double, est la muse de ces Pages arrach\u00e9es \u00e0\u2026 L\u2019\u00e9vocation f\u00e9line de mes sentiments. Un mot, 1 ou 2 photographies, associ\u00e9s. En r\u00e9sonance. Pages arrach\u00e9es \u00e0\u2026 la libert\u00e9, la connivence, mon effroi, l\u2019\u00e9merveillement, la dualit\u00e9, ma m\u00e9moire, mon \u00e9moi, ma douleur, la [&hellip;]<\/p>\n","protected":false},"author":1,"featured_media":0,"parent":0,"menu_order":0,"comment_status":"closed","ping_status":"closed","template":"","meta":{"footnotes":""},"class_list":["post-2627","page","type-page","status-publish","hentry"],"_links":{"self":[{"href":"https:\/\/nathaliehureau.fr\/index.php\/wp-json\/wp\/v2\/pages\/2627","targetHints":{"allow":["GET"]}}],"collection":[{"href":"https:\/\/nathaliehureau.fr\/index.php\/wp-json\/wp\/v2\/pages"}],"about":[{"href":"https:\/\/nathaliehureau.fr\/index.php\/wp-json\/wp\/v2\/types\/page"}],"author":[{"embeddable":true,"href":"https:\/\/nathaliehureau.fr\/index.php\/wp-json\/wp\/v2\/users\/1"}],"replies":[{"embeddable":true,"href":"https:\/\/nathaliehureau.fr\/index.php\/wp-json\/wp\/v2\/comments?post=2627"}],"version-history":[{"count":87,"href":"https:\/\/nathaliehureau.fr\/index.php\/wp-json\/wp\/v2\/pages\/2627\/revisions"}],"predecessor-version":[{"id":3211,"href":"https:\/\/nathaliehureau.fr\/index.php\/wp-json\/wp\/v2\/pages\/2627\/revisions\/3211"}],"wp:attachment":[{"href":"https:\/\/nathaliehureau.fr\/index.php\/wp-json\/wp\/v2\/media?parent=2627"}],"curies":[{"name":"wp","href":"https:\/\/api.w.org\/{rel}","templated":true}]}}