{"id":2903,"date":"2021-07-13T15:16:56","date_gmt":"2021-07-13T14:16:56","guid":{"rendered":"https:\/\/nathaliehureau.fr\/?page_id=2903"},"modified":"2021-07-13T16:19:31","modified_gmt":"2021-07-13T15:19:31","slug":"carnet-53","status":"publish","type":"page","link":"https:\/\/nathaliehureau.fr\/index.php\/carnet-53\/","title":{"rendered":"Carnet 53"},"content":{"rendered":"<h2>En Espagne\u00a0 avril 2017<\/h2>\n<h5><iframe loading=\"lazy\" src=\"https:\/\/player.vimeo.com\/video\/574487282?color=ffffff&amp;title=0&amp;byline=0&amp;portrait=0\" width=\"640\" height=\"400\" frameborder=\"0\" allowfullscreen=\"allowfullscreen\"><\/iframe>dur\u00e9e 4\u201916<br \/>\nConseil d\u2019\u00e9coute : ces ambiances t\u00e9nues sont pr\u00e9vues pour \u00eatre \u00e9cout\u00e9es au casque<br \/>\nou avec le volume de votre ordinateur au maximum.<\/h5>\n<p><span style=\"color: #999999;\"><em>\u00a9 Nathalie Hureau et Pascale Mons<\/em><\/span><\/p>\n","protected":false},"excerpt":{"rendered":"<p>En Espagne\u00a0 avril 2017 dur\u00e9e 4\u201916 Conseil d\u2019\u00e9coute : ces ambiances t\u00e9nues sont pr\u00e9vues pour \u00eatre \u00e9cout\u00e9es au casque ou avec le volume de votre ordinateur au maximum. \u00a9 Nathalie Hureau et Pascale Mons<\/p>\n","protected":false},"author":1,"featured_media":0,"parent":0,"menu_order":0,"comment_status":"closed","ping_status":"closed","template":"","meta":{"footnotes":""},"class_list":["post-2903","page","type-page","status-publish","hentry"],"_links":{"self":[{"href":"https:\/\/nathaliehureau.fr\/index.php\/wp-json\/wp\/v2\/pages\/2903","targetHints":{"allow":["GET"]}}],"collection":[{"href":"https:\/\/nathaliehureau.fr\/index.php\/wp-json\/wp\/v2\/pages"}],"about":[{"href":"https:\/\/nathaliehureau.fr\/index.php\/wp-json\/wp\/v2\/types\/page"}],"author":[{"embeddable":true,"href":"https:\/\/nathaliehureau.fr\/index.php\/wp-json\/wp\/v2\/users\/1"}],"replies":[{"embeddable":true,"href":"https:\/\/nathaliehureau.fr\/index.php\/wp-json\/wp\/v2\/comments?post=2903"}],"version-history":[{"count":3,"href":"https:\/\/nathaliehureau.fr\/index.php\/wp-json\/wp\/v2\/pages\/2903\/revisions"}],"predecessor-version":[{"id":2911,"href":"https:\/\/nathaliehureau.fr\/index.php\/wp-json\/wp\/v2\/pages\/2903\/revisions\/2911"}],"wp:attachment":[{"href":"https:\/\/nathaliehureau.fr\/index.php\/wp-json\/wp\/v2\/media?parent=2903"}],"curies":[{"name":"wp","href":"https:\/\/api.w.org\/{rel}","templated":true}]}}