{"id":2915,"date":"2021-07-16T19:53:28","date_gmt":"2021-07-16T18:53:28","guid":{"rendered":"https:\/\/nathaliehureau.fr\/?page_id=2915"},"modified":"2022-12-08T22:53:18","modified_gmt":"2022-12-08T21:53:18","slug":"triptyques","status":"publish","type":"page","link":"https:\/\/nathaliehureau.fr\/index.php\/triptyques\/","title":{"rendered":"<em>Triptyques<\/em> &#8211; juin 2021"},"content":{"rendered":"<h3>pour l&rsquo;exposition collective <em>Quand le d\u00e9sir\u2026<\/em><br \/>\n9 \/ 20 juin 2021 &#8211; Galerie Le Cerisier<\/h3>\n<h2 style=\"text-align: left;\"><img loading=\"lazy\" decoding=\"async\" class=\"aligncenter size-large wp-image-2931\" src=\"https:\/\/nathaliehureau.fr\/wp-content\/uploads\/2021\/07\/triptyques-def-sit-788x1024.jpg\" alt=\"\" width=\"625\" height=\"812\" srcset=\"https:\/\/nathaliehureau.fr\/wp-content\/uploads\/2021\/07\/triptyques-def-sit-788x1024.jpg 788w, https:\/\/nathaliehureau.fr\/wp-content\/uploads\/2021\/07\/triptyques-def-sit-231x300.jpg 231w, https:\/\/nathaliehureau.fr\/wp-content\/uploads\/2021\/07\/triptyques-def-sit-768x998.jpg 768w, https:\/\/nathaliehureau.fr\/wp-content\/uploads\/2021\/07\/triptyques-def-sit-1182x1536.jpg 1182w, https:\/\/nathaliehureau.fr\/wp-content\/uploads\/2021\/07\/triptyques-def-sit-624x811.jpg 624w, https:\/\/nathaliehureau.fr\/wp-content\/uploads\/2021\/07\/triptyques-def-sit.jpg 1200w\" sizes=\"auto, (max-width: 625px) 100vw, 625px\" \/><\/h2>\n<h3 style=\"text-align: left;\">Appel\u2026 Vers\u2026 Pour\u2026<br \/>\nGestes sacr\u00e9s, intimes, voire domestiques<\/h3>\n<h3><strong><img loading=\"lazy\" decoding=\"async\" class=\"alignright wp-image-2934\" src=\"https:\/\/nathaliehureau.fr\/wp-content\/uploads\/2021\/07\/210302_C3_joie-sit-1024x356.jpg\" alt=\"\" width=\"380\" height=\"132\" srcset=\"https:\/\/nathaliehureau.fr\/wp-content\/uploads\/2021\/07\/210302_C3_joie-sit-1024x356.jpg 1024w, https:\/\/nathaliehureau.fr\/wp-content\/uploads\/2021\/07\/210302_C3_joie-sit-300x104.jpg 300w, https:\/\/nathaliehureau.fr\/wp-content\/uploads\/2021\/07\/210302_C3_joie-sit-768x267.jpg 768w, https:\/\/nathaliehureau.fr\/wp-content\/uploads\/2021\/07\/210302_C3_joie-sit-624x217.jpg 624w, https:\/\/nathaliehureau.fr\/wp-content\/uploads\/2021\/07\/210302_C3_joie-sit.jpg 1200w\" sizes=\"auto, (max-width: 380px) 100vw, 380px\" \/> <img loading=\"lazy\" decoding=\"async\" class=\"alignright wp-image-2933\" src=\"https:\/\/nathaliehureau.fr\/wp-content\/uploads\/2021\/07\/210301_B4_eclipse-sit-1024x356.jpg\" alt=\"\" width=\"380\" height=\"132\" srcset=\"https:\/\/nathaliehureau.fr\/wp-content\/uploads\/2021\/07\/210301_B4_eclipse-sit-1024x356.jpg 1024w, https:\/\/nathaliehureau.fr\/wp-content\/uploads\/2021\/07\/210301_B4_eclipse-sit-300x104.jpg 300w, https:\/\/nathaliehureau.fr\/wp-content\/uploads\/2021\/07\/210301_B4_eclipse-sit-768x267.jpg 768w, https:\/\/nathaliehureau.fr\/wp-content\/uploads\/2021\/07\/210301_B4_eclipse-sit-624x217.jpg 624w, https:\/\/nathaliehureau.fr\/wp-content\/uploads\/2021\/07\/210301_B4_eclipse-sit.jpg 1200w\" sizes=\"auto, (max-width: 380px) 100vw, 380px\" \/> <img loading=\"lazy\" decoding=\"async\" class=\"alignright wp-image-2935\" src=\"https:\/\/nathaliehureau.fr\/wp-content\/uploads\/2021\/07\/210307_D6_epiphanie1-sit-1024x356.jpg\" alt=\"\" width=\"380\" height=\"132\" srcset=\"https:\/\/nathaliehureau.fr\/wp-content\/uploads\/2021\/07\/210307_D6_epiphanie1-sit-1024x356.jpg 1024w, https:\/\/nathaliehureau.fr\/wp-content\/uploads\/2021\/07\/210307_D6_epiphanie1-sit-300x104.jpg 300w, https:\/\/nathaliehureau.fr\/wp-content\/uploads\/2021\/07\/210307_D6_epiphanie1-sit-768x267.jpg 768w, https:\/\/nathaliehureau.fr\/wp-content\/uploads\/2021\/07\/210307_D6_epiphanie1-sit-624x217.jpg 624w, https:\/\/nathaliehureau.fr\/wp-content\/uploads\/2021\/07\/210307_D6_epiphanie1-sit.jpg 1200w\" sizes=\"auto, (max-width: 380px) 100vw, 380px\" \/> <img loading=\"lazy\" decoding=\"async\" class=\"alignright wp-image-2936\" src=\"https:\/\/nathaliehureau.fr\/wp-content\/uploads\/2021\/07\/210307_D13_epiphanie2-sit-1024x356.jpg\" alt=\"\" width=\"380\" height=\"132\" srcset=\"https:\/\/nathaliehureau.fr\/wp-content\/uploads\/2021\/07\/210307_D13_epiphanie2-sit-1024x356.jpg 1024w, https:\/\/nathaliehureau.fr\/wp-content\/uploads\/2021\/07\/210307_D13_epiphanie2-sit-300x104.jpg 300w, https:\/\/nathaliehureau.fr\/wp-content\/uploads\/2021\/07\/210307_D13_epiphanie2-sit-768x267.jpg 768w, https:\/\/nathaliehureau.fr\/wp-content\/uploads\/2021\/07\/210307_D13_epiphanie2-sit-624x217.jpg 624w, https:\/\/nathaliehureau.fr\/wp-content\/uploads\/2021\/07\/210307_D13_epiphanie2-sit.jpg 1200w\" sizes=\"auto, (max-width: 380px) 100vw, 380px\" \/> <img loading=\"lazy\" decoding=\"async\" class=\"alignright wp-image-2932\" src=\"https:\/\/nathaliehureau.fr\/wp-content\/uploads\/2021\/07\/210301_B2_-autotriptyque-sit-1024x356.jpg\" alt=\"\" width=\"380\" height=\"132\" srcset=\"https:\/\/nathaliehureau.fr\/wp-content\/uploads\/2021\/07\/210301_B2_-autotriptyque-sit-1024x356.jpg 1024w, https:\/\/nathaliehureau.fr\/wp-content\/uploads\/2021\/07\/210301_B2_-autotriptyque-sit-300x104.jpg 300w, https:\/\/nathaliehureau.fr\/wp-content\/uploads\/2021\/07\/210301_B2_-autotriptyque-sit-768x267.jpg 768w, https:\/\/nathaliehureau.fr\/wp-content\/uploads\/2021\/07\/210301_B2_-autotriptyque-sit-624x217.jpg 624w, https:\/\/nathaliehureau.fr\/wp-content\/uploads\/2021\/07\/210301_B2_-autotriptyque-sit.jpg 1200w\" sizes=\"auto, (max-width: 380px) 100vw, 380px\" \/><\/strong><\/h3>\n<p>&nbsp;<\/p>\n<p><strong><span style=\"color: #333333;\">Triptyques \u00ab\u00a0solos\u00a0\u00bb <\/span><br \/>\n<\/strong><\/p>\n<p>&nbsp;<\/p>\n<p>d\u00e9placer les montagnes<\/p>\n<p>&nbsp;<\/p>\n<p>offrande<\/p>\n<p>&nbsp;<\/p>\n<p>oracle ou orage ?<\/p>\n<p>&nbsp;<\/p>\n<p>poussi\u00e8re<\/p>\n<p>&nbsp;<\/p>\n<p>joie<\/p>\n<p>&nbsp;<\/p>\n<p>\u00e9clipse<\/p>\n<p>&nbsp;<\/p>\n<p>\u00e9piphanie 1 et 2<\/p>\n<p>&nbsp;<\/p>\n<p>autoportrait<\/p>\n<h5><\/h5>\n<h4 style=\"text-align: left;\"><span style=\"color: #808080;\">t\u00e9l\u00e9chargez le dossier <em><a href=\"https:\/\/nathaliehureau.fr\/wp-content\/uploads\/2021\/07\/Triptyques-expo-juin-2021.pdf.zip\">Triptyques<\/a><\/em><\/span><\/h4>\n<h3>L&rsquo;exposition collective <em>Quand le d\u00e9sir\u2026<\/em><\/h3>\n<div id=\"attachment_2961\" style=\"width: 635px\" class=\"wp-caption alignnone\"><img loading=\"lazy\" decoding=\"async\" aria-describedby=\"caption-attachment-2961\" class=\"wp-image-2961 size-large\" src=\"https:\/\/nathaliehureau.fr\/wp-content\/uploads\/2021\/07\/MG_6549-sit-1024x683.jpg\" alt=\"_MG_6549 sit\" width=\"625\" height=\"417\" srcset=\"https:\/\/nathaliehureau.fr\/wp-content\/uploads\/2021\/07\/MG_6549-sit-1024x683.jpg 1024w, https:\/\/nathaliehureau.fr\/wp-content\/uploads\/2021\/07\/MG_6549-sit-300x200.jpg 300w, https:\/\/nathaliehureau.fr\/wp-content\/uploads\/2021\/07\/MG_6549-sit-768x512.jpg 768w, https:\/\/nathaliehureau.fr\/wp-content\/uploads\/2021\/07\/MG_6549-sit-624x416.jpg 624w, https:\/\/nathaliehureau.fr\/wp-content\/uploads\/2021\/07\/MG_6549-sit.jpg 1200w\" sizes=\"auto, (max-width: 625px) 100vw, 625px\" \/><p id=\"caption-attachment-2961\" class=\"wp-caption-text\">Claire Artemyz &#8211; Nathalie Hureau<\/p><\/div>\n<div id=\"attachment_2963\" style=\"width: 635px\" class=\"wp-caption alignnone\"><img loading=\"lazy\" decoding=\"async\" aria-describedby=\"caption-attachment-2963\" class=\"wp-image-2963 size-large\" src=\"https:\/\/nathaliehureau.fr\/wp-content\/uploads\/2021\/07\/21067024-sit-1024x768.jpg\" alt=\"21067024 sit\" width=\"625\" height=\"469\" srcset=\"https:\/\/nathaliehureau.fr\/wp-content\/uploads\/2021\/07\/21067024-sit-1024x768.jpg 1024w, https:\/\/nathaliehureau.fr\/wp-content\/uploads\/2021\/07\/21067024-sit-300x225.jpg 300w, https:\/\/nathaliehureau.fr\/wp-content\/uploads\/2021\/07\/21067024-sit-768x576.jpg 768w, https:\/\/nathaliehureau.fr\/wp-content\/uploads\/2021\/07\/21067024-sit-624x468.jpg 624w, https:\/\/nathaliehureau.fr\/wp-content\/uploads\/2021\/07\/21067024-sit.jpg 1200w\" sizes=\"auto, (max-width: 625px) 100vw, 625px\" \/><p id=\"caption-attachment-2963\" class=\"wp-caption-text\">Barbara Smits<\/p><\/div>\n<div id=\"attachment_2964\" style=\"width: 635px\" class=\"wp-caption alignnone\"><img loading=\"lazy\" decoding=\"async\" aria-describedby=\"caption-attachment-2964\" class=\"wp-image-2964 size-large\" src=\"https:\/\/nathaliehureau.fr\/wp-content\/uploads\/2021\/07\/21067031-sit-1024x768.jpg\" alt=\"21067031 sit\" width=\"625\" height=\"469\" srcset=\"https:\/\/nathaliehureau.fr\/wp-content\/uploads\/2021\/07\/21067031-sit-1024x768.jpg 1024w, https:\/\/nathaliehureau.fr\/wp-content\/uploads\/2021\/07\/21067031-sit-300x225.jpg 300w, https:\/\/nathaliehureau.fr\/wp-content\/uploads\/2021\/07\/21067031-sit-768x576.jpg 768w, https:\/\/nathaliehureau.fr\/wp-content\/uploads\/2021\/07\/21067031-sit-624x468.jpg 624w, https:\/\/nathaliehureau.fr\/wp-content\/uploads\/2021\/07\/21067031-sit.jpg 1200w\" sizes=\"auto, (max-width: 625px) 100vw, 625px\" \/><p id=\"caption-attachment-2964\" class=\"wp-caption-text\">Sandra Detourbet<\/p><\/div>\n<div id=\"attachment_2965\" style=\"width: 635px\" class=\"wp-caption alignnone\"><img loading=\"lazy\" decoding=\"async\" aria-describedby=\"caption-attachment-2965\" class=\"wp-image-2965 size-large\" src=\"https:\/\/nathaliehureau.fr\/wp-content\/uploads\/2021\/07\/21067071-sit-1024x768.jpg\" alt=\"21067071 sit\" width=\"625\" height=\"469\" srcset=\"https:\/\/nathaliehureau.fr\/wp-content\/uploads\/2021\/07\/21067071-sit-1024x768.jpg 1024w, https:\/\/nathaliehureau.fr\/wp-content\/uploads\/2021\/07\/21067071-sit-300x225.jpg 300w, https:\/\/nathaliehureau.fr\/wp-content\/uploads\/2021\/07\/21067071-sit-768x576.jpg 768w, https:\/\/nathaliehureau.fr\/wp-content\/uploads\/2021\/07\/21067071-sit-624x468.jpg 624w, https:\/\/nathaliehureau.fr\/wp-content\/uploads\/2021\/07\/21067071-sit.jpg 1200w\" sizes=\"auto, (max-width: 625px) 100vw, 625px\" \/><p id=\"caption-attachment-2965\" class=\"wp-caption-text\">Ir\u00e8ne Kmiec-Rousseau<\/p><\/div>\n<div id=\"attachment_2962\" style=\"width: 635px\" class=\"wp-caption alignnone\"><img loading=\"lazy\" decoding=\"async\" aria-describedby=\"caption-attachment-2962\" class=\"wp-image-2962 size-large\" src=\"https:\/\/nathaliehureau.fr\/wp-content\/uploads\/2021\/07\/210612-groupe-sit-1024x576.jpg\" alt=\"210612 groupe sit\" width=\"625\" height=\"352\" srcset=\"https:\/\/nathaliehureau.fr\/wp-content\/uploads\/2021\/07\/210612-groupe-sit-1024x576.jpg 1024w, https:\/\/nathaliehureau.fr\/wp-content\/uploads\/2021\/07\/210612-groupe-sit-300x169.jpg 300w, https:\/\/nathaliehureau.fr\/wp-content\/uploads\/2021\/07\/210612-groupe-sit-768x432.jpg 768w, https:\/\/nathaliehureau.fr\/wp-content\/uploads\/2021\/07\/210612-groupe-sit-624x351.jpg 624w, https:\/\/nathaliehureau.fr\/wp-content\/uploads\/2021\/07\/210612-groupe-sit.jpg 1200w\" sizes=\"auto, (max-width: 625px) 100vw, 625px\" \/><p id=\"caption-attachment-2962\" class=\"wp-caption-text\">Jer\u00f4me Bouchez avec N Hureau, E L , S Detourbet et C Artemyz<\/p><\/div>\n<h4>t\u00e9l\u00e9chargez le dossier de presse <em><a href=\"https:\/\/nathaliehureau.fr\/wp-content\/uploads\/2020\/10\/Dossier-presse-Quand-le-Desir.pdf.zip\">Quand le d\u00e9sir\u2026<\/a><\/em><\/h4>\n<p><strong>Galerie Le Cerisier &#8211; 9 \/ 20 juin 2021<br \/>\n<\/strong>42 quai des C\u00e9lestins &#8211; 75004 Paris<br \/>\nm\u00e9tro Pont Marie \/ Saint Paul<\/p>\n","protected":false},"excerpt":{"rendered":"<p>pour l&rsquo;exposition collective Quand le d\u00e9sir\u2026 9 \/ 20 juin 2021 &#8211; Galerie Le Cerisier Appel\u2026 Vers\u2026 Pour\u2026 Gestes sacr\u00e9s, intimes, voire domestiques &nbsp; Triptyques \u00ab\u00a0solos\u00a0\u00bb &nbsp; d\u00e9placer les montagnes &nbsp; offrande &nbsp; oracle ou orage ? &nbsp; poussi\u00e8re &nbsp; joie &nbsp; \u00e9clipse &nbsp; \u00e9piphanie 1 et 2 &nbsp; autoportrait t\u00e9l\u00e9chargez le dossier Triptyques L&rsquo;exposition [&hellip;]<\/p>\n","protected":false},"author":1,"featured_media":0,"parent":0,"menu_order":0,"comment_status":"closed","ping_status":"closed","template":"","meta":{"footnotes":""},"class_list":["post-2915","page","type-page","status-publish","hentry"],"_links":{"self":[{"href":"https:\/\/nathaliehureau.fr\/index.php\/wp-json\/wp\/v2\/pages\/2915","targetHints":{"allow":["GET"]}}],"collection":[{"href":"https:\/\/nathaliehureau.fr\/index.php\/wp-json\/wp\/v2\/pages"}],"about":[{"href":"https:\/\/nathaliehureau.fr\/index.php\/wp-json\/wp\/v2\/types\/page"}],"author":[{"embeddable":true,"href":"https:\/\/nathaliehureau.fr\/index.php\/wp-json\/wp\/v2\/users\/1"}],"replies":[{"embeddable":true,"href":"https:\/\/nathaliehureau.fr\/index.php\/wp-json\/wp\/v2\/comments?post=2915"}],"version-history":[{"count":51,"href":"https:\/\/nathaliehureau.fr\/index.php\/wp-json\/wp\/v2\/pages\/2915\/revisions"}],"predecessor-version":[{"id":3183,"href":"https:\/\/nathaliehureau.fr\/index.php\/wp-json\/wp\/v2\/pages\/2915\/revisions\/3183"}],"wp:attachment":[{"href":"https:\/\/nathaliehureau.fr\/index.php\/wp-json\/wp\/v2\/media?parent=2915"}],"curies":[{"name":"wp","href":"https:\/\/api.w.org\/{rel}","templated":true}]}}