{"id":3145,"date":"2022-12-08T15:16:19","date_gmt":"2022-12-08T14:16:19","guid":{"rendered":"https:\/\/nathaliehureau.fr\/?page_id=3145"},"modified":"2022-12-11T21:25:08","modified_gmt":"2022-12-11T20:25:08","slug":"triptyques-novembre-2022","status":"publish","type":"page","link":"https:\/\/nathaliehureau.fr\/index.php\/triptyques-novembre-2022\/","title":{"rendered":"<em>Triptyques<\/em> &#8211; novembre 2022"},"content":{"rendered":"<h1><em>Pr\u00e9sences (s)<\/em><\/h1>\n<p><img loading=\"lazy\" decoding=\"async\" class=\"alignleft wp-image-3146 size-large\" src=\"https:\/\/nathaliehureau.fr\/wp-content\/uploads\/2022\/12\/22114464-sit-1024x768.jpg\" alt=\"\" width=\"625\" height=\"469\" srcset=\"https:\/\/nathaliehureau.fr\/wp-content\/uploads\/2022\/12\/22114464-sit-1024x768.jpg 1024w, https:\/\/nathaliehureau.fr\/wp-content\/uploads\/2022\/12\/22114464-sit-300x225.jpg 300w, https:\/\/nathaliehureau.fr\/wp-content\/uploads\/2022\/12\/22114464-sit-768x576.jpg 768w, https:\/\/nathaliehureau.fr\/wp-content\/uploads\/2022\/12\/22114464-sit-624x468.jpg 624w, https:\/\/nathaliehureau.fr\/wp-content\/uploads\/2022\/12\/22114464-sit.jpg 1200w\" sizes=\"auto, (max-width: 625px) 100vw, 625px\" \/><\/p>\n<h3>pour l\u2019exposition collective <em>Formes &amp; Figures<br \/>\n<\/em>10 &#8211; 20 novembre 2022 \/ Galerie Le Cerisier<\/h3>\n<p><img loading=\"lazy\" decoding=\"async\" class=\"alignleft size-large wp-image-3147\" src=\"https:\/\/nathaliehureau.fr\/wp-content\/uploads\/2022\/12\/22114538-sit-1024x768.jpg\" alt=\"\" width=\"625\" height=\"469\" srcset=\"https:\/\/nathaliehureau.fr\/wp-content\/uploads\/2022\/12\/22114538-sit-1024x768.jpg 1024w, https:\/\/nathaliehureau.fr\/wp-content\/uploads\/2022\/12\/22114538-sit-300x225.jpg 300w, https:\/\/nathaliehureau.fr\/wp-content\/uploads\/2022\/12\/22114538-sit-768x576.jpg 768w, https:\/\/nathaliehureau.fr\/wp-content\/uploads\/2022\/12\/22114538-sit-624x468.jpg 624w, https:\/\/nathaliehureau.fr\/wp-content\/uploads\/2022\/12\/22114538-sit.jpg 1200w\" sizes=\"auto, (max-width: 625px) 100vw, 625px\" \/><img loading=\"lazy\" decoding=\"async\" class=\"alignleft size-large wp-image-3148\" src=\"https:\/\/nathaliehureau.fr\/wp-content\/uploads\/2022\/12\/22114457-sit-1024x768.jpg\" alt=\"\" width=\"625\" height=\"469\" srcset=\"https:\/\/nathaliehureau.fr\/wp-content\/uploads\/2022\/12\/22114457-sit-1024x768.jpg 1024w, https:\/\/nathaliehureau.fr\/wp-content\/uploads\/2022\/12\/22114457-sit-300x225.jpg 300w, https:\/\/nathaliehureau.fr\/wp-content\/uploads\/2022\/12\/22114457-sit-768x576.jpg 768w, https:\/\/nathaliehureau.fr\/wp-content\/uploads\/2022\/12\/22114457-sit-624x468.jpg 624w, https:\/\/nathaliehureau.fr\/wp-content\/uploads\/2022\/12\/22114457-sit.jpg 1200w\" sizes=\"auto, (max-width: 625px) 100vw, 625px\" \/><img loading=\"lazy\" decoding=\"async\" class=\"alignleft size-large wp-image-3149\" src=\"https:\/\/nathaliehureau.fr\/wp-content\/uploads\/2022\/12\/22114471-sit-1024x768.jpg\" alt=\"\" width=\"625\" height=\"469\" srcset=\"https:\/\/nathaliehureau.fr\/wp-content\/uploads\/2022\/12\/22114471-sit-1024x768.jpg 1024w, https:\/\/nathaliehureau.fr\/wp-content\/uploads\/2022\/12\/22114471-sit-300x225.jpg 300w, https:\/\/nathaliehureau.fr\/wp-content\/uploads\/2022\/12\/22114471-sit-768x576.jpg 768w, https:\/\/nathaliehureau.fr\/wp-content\/uploads\/2022\/12\/22114471-sit-624x468.jpg 624w, https:\/\/nathaliehureau.fr\/wp-content\/uploads\/2022\/12\/22114471-sit.jpg 1200w\" sizes=\"auto, (max-width: 625px) 100vw, 625px\" \/><br \/>\n<img loading=\"lazy\" decoding=\"async\" class=\"alignleft size-large wp-image-3155\" src=\"https:\/\/nathaliehureau.fr\/wp-content\/uploads\/2022\/12\/22114475-sit-1024x768.jpg\" alt=\"\" width=\"625\" height=\"469\" srcset=\"https:\/\/nathaliehureau.fr\/wp-content\/uploads\/2022\/12\/22114475-sit-1024x768.jpg 1024w, https:\/\/nathaliehureau.fr\/wp-content\/uploads\/2022\/12\/22114475-sit-300x225.jpg 300w, https:\/\/nathaliehureau.fr\/wp-content\/uploads\/2022\/12\/22114475-sit-768x576.jpg 768w, https:\/\/nathaliehureau.fr\/wp-content\/uploads\/2022\/12\/22114475-sit-624x468.jpg 624w, https:\/\/nathaliehureau.fr\/wp-content\/uploads\/2022\/12\/22114475-sit.jpg 1200w\" sizes=\"auto, (max-width: 625px) 100vw, 625px\" \/><\/p>\n<p><strong>\u00ab\u00a0Un geste si simple. Dresser une pierre. Devient immense.\u00a0<\/strong><br \/>\n<strong>Un geste ind\u00e9niable. Immuable. Dont la port\u00e9e subjugue.\u00a0<\/strong><br \/>\n<strong>Par notre incapacit\u00e9 \u00e0 en d\u00e9terminer le sens. Notre impuissance \u00e0 en saisir l\u2019esprit.\u00a0<\/strong><br \/>\n<strong>Alors qu\u2019\u00e9mane de ces pierres\u2026 \u00c9vidence. Attirance. Immanence. Pr\u00e9sence ! \u00a0\u00bb<br \/>\n<img loading=\"lazy\" decoding=\"async\" class=\"alignleft size-large wp-image-3165\" src=\"https:\/\/nathaliehureau.fr\/wp-content\/uploads\/2022\/12\/22114677-sit-1024x768.jpg\" alt=\"\" width=\"625\" height=\"469\" srcset=\"https:\/\/nathaliehureau.fr\/wp-content\/uploads\/2022\/12\/22114677-sit-1024x768.jpg 1024w, https:\/\/nathaliehureau.fr\/wp-content\/uploads\/2022\/12\/22114677-sit-300x225.jpg 300w, https:\/\/nathaliehureau.fr\/wp-content\/uploads\/2022\/12\/22114677-sit-768x576.jpg 768w, https:\/\/nathaliehureau.fr\/wp-content\/uploads\/2022\/12\/22114677-sit-624x468.jpg 624w, https:\/\/nathaliehureau.fr\/wp-content\/uploads\/2022\/12\/22114677-sit.jpg 1200w\" sizes=\"auto, (max-width: 625px) 100vw, 625px\" \/><\/strong><span style=\"color: #808080;\">T\u00e9l\u00e9chargez le dossier <a href=\"https:\/\/nathaliehureau.fr\/wp-content\/uploads\/2022\/12\/Presences-Triptyques-novembre-2022.pdf.zip\"><em>Pre\u0301sence (s)<\/em><\/a><\/span><\/p>\n<h4>Pr\u00e9sentation du <a href=\"https:\/\/nathaliehureau.fr\/?page_id=3185\">PORTFOLIO <em>Pr\u00e9sence (s)<\/em><\/a><br \/>\ns\u00e9rie limit\u00e9e num\u00e9rot\u00e9e de 1 \u00e0 50<img loading=\"lazy\" decoding=\"async\" class=\"alignleft size-large wp-image-3176\" src=\"https:\/\/nathaliehureau.fr\/wp-content\/uploads\/2022\/12\/22114643-sit-1024x768.jpg\" alt=\"\" width=\"625\" height=\"469\" srcset=\"https:\/\/nathaliehureau.fr\/wp-content\/uploads\/2022\/12\/22114643-sit-1024x768.jpg 1024w, https:\/\/nathaliehureau.fr\/wp-content\/uploads\/2022\/12\/22114643-sit-300x225.jpg 300w, https:\/\/nathaliehureau.fr\/wp-content\/uploads\/2022\/12\/22114643-sit-768x576.jpg 768w, https:\/\/nathaliehureau.fr\/wp-content\/uploads\/2022\/12\/22114643-sit-624x468.jpg 624w, https:\/\/nathaliehureau.fr\/wp-content\/uploads\/2022\/12\/22114643-sit.jpg 1200w\" sizes=\"auto, (max-width: 625px) 100vw, 625px\" \/><\/h4>\n<h4><\/h4>\n<p>&nbsp;<\/p>\n<h2>L\u2019exposition collective <em>Formes &amp; Figures<\/em><\/h2>\n<p><em><img loading=\"lazy\" decoding=\"async\" class=\"alignnone size-medium wp-image-3160\" src=\"https:\/\/nathaliehureau.fr\/wp-content\/uploads\/2022\/12\/22114770-sit-300x225.jpg\" alt=\"\" width=\"300\" height=\"225\" srcset=\"https:\/\/nathaliehureau.fr\/wp-content\/uploads\/2022\/12\/22114770-sit-300x225.jpg 300w, https:\/\/nathaliehureau.fr\/wp-content\/uploads\/2022\/12\/22114770-sit-1024x768.jpg 1024w, https:\/\/nathaliehureau.fr\/wp-content\/uploads\/2022\/12\/22114770-sit-768x576.jpg 768w, https:\/\/nathaliehureau.fr\/wp-content\/uploads\/2022\/12\/22114770-sit-624x468.jpg 624w, https:\/\/nathaliehureau.fr\/wp-content\/uploads\/2022\/12\/22114770-sit.jpg 1200w\" sizes=\"auto, (max-width: 300px) 100vw, 300px\" \/><img loading=\"lazy\" decoding=\"async\" class=\"alignnone size-medium wp-image-3161\" src=\"https:\/\/nathaliehureau.fr\/wp-content\/uploads\/2022\/12\/22114587-sit-300x225.jpg\" alt=\"\" width=\"300\" height=\"225\" srcset=\"https:\/\/nathaliehureau.fr\/wp-content\/uploads\/2022\/12\/22114587-sit-300x225.jpg 300w, https:\/\/nathaliehureau.fr\/wp-content\/uploads\/2022\/12\/22114587-sit-1024x768.jpg 1024w, https:\/\/nathaliehureau.fr\/wp-content\/uploads\/2022\/12\/22114587-sit-768x576.jpg 768w, https:\/\/nathaliehureau.fr\/wp-content\/uploads\/2022\/12\/22114587-sit-624x468.jpg 624w, https:\/\/nathaliehureau.fr\/wp-content\/uploads\/2022\/12\/22114587-sit.jpg 1200w\" sizes=\"auto, (max-width: 300px) 100vw, 300px\" \/><\/em><em><br \/>\n<img loading=\"lazy\" decoding=\"async\" class=\"alignnone size-medium wp-image-3157\" src=\"https:\/\/nathaliehureau.fr\/wp-content\/uploads\/2022\/12\/22114461-sit-300x225.jpg\" alt=\"\" width=\"300\" height=\"225\" srcset=\"https:\/\/nathaliehureau.fr\/wp-content\/uploads\/2022\/12\/22114461-sit-300x225.jpg 300w, https:\/\/nathaliehureau.fr\/wp-content\/uploads\/2022\/12\/22114461-sit-1024x768.jpg 1024w, https:\/\/nathaliehureau.fr\/wp-content\/uploads\/2022\/12\/22114461-sit-768x576.jpg 768w, https:\/\/nathaliehureau.fr\/wp-content\/uploads\/2022\/12\/22114461-sit-624x468.jpg 624w, https:\/\/nathaliehureau.fr\/wp-content\/uploads\/2022\/12\/22114461-sit.jpg 1200w\" sizes=\"auto, (max-width: 300px) 100vw, 300px\" \/><img loading=\"lazy\" decoding=\"async\" class=\"alignnone size-medium wp-image-3162\" src=\"https:\/\/nathaliehureau.fr\/wp-content\/uploads\/2022\/12\/22114598-sit-300x225.jpg\" alt=\"\" width=\"300\" height=\"225\" srcset=\"https:\/\/nathaliehureau.fr\/wp-content\/uploads\/2022\/12\/22114598-sit-300x225.jpg 300w, https:\/\/nathaliehureau.fr\/wp-content\/uploads\/2022\/12\/22114598-sit-1024x768.jpg 1024w, https:\/\/nathaliehureau.fr\/wp-content\/uploads\/2022\/12\/22114598-sit-768x576.jpg 768w, https:\/\/nathaliehureau.fr\/wp-content\/uploads\/2022\/12\/22114598-sit-624x468.jpg 624w, https:\/\/nathaliehureau.fr\/wp-content\/uploads\/2022\/12\/22114598-sit.jpg 1200w\" sizes=\"auto, (max-width: 300px) 100vw, 300px\" \/><\/em><span style=\"color: #808080;\"><br \/>\nT\u00e9l\u00e9chargez le dossier de l&rsquo;exposition <\/span><a href=\"https:\/\/nathaliehureau.fr\/wp-content\/uploads\/2022\/12\/Formes-et-Figures-DP.pdf.zip\" target=\"_blank\" rel=\"noopener\"><em><span style=\"color: #808080;\">Formes &amp; Figures<\/span><\/em><\/a><\/p>\n<p><strong>Galerie Le Cerisier \/ 10 &#8211; 20 novembre 2022<\/strong><br \/>\n42 quai des C\u00e9lestins &#8211; 75004 Paris<br \/>\nm\u00e9tro Pont Marie \/ Saint Paul<\/p>\n","protected":false},"excerpt":{"rendered":"<p>Pr\u00e9sences (s) pour l\u2019exposition collective Formes &amp; Figures 10 &#8211; 20 novembre 2022 \/ Galerie Le Cerisier \u00ab\u00a0Un geste si simple. Dresser une pierre. Devient immense.\u00a0 Un geste ind\u00e9niable. Immuable. Dont la port\u00e9e subjugue.\u00a0 Par notre incapacit\u00e9 \u00e0 en d\u00e9terminer le sens. Notre impuissance \u00e0 en saisir l\u2019esprit.\u00a0 Alors qu\u2019\u00e9mane de ces pierres\u2026 \u00c9vidence. Attirance. [&hellip;]<\/p>\n","protected":false},"author":1,"featured_media":0,"parent":0,"menu_order":0,"comment_status":"closed","ping_status":"closed","template":"","meta":{"footnotes":""},"class_list":["post-3145","page","type-page","status-publish","hentry"],"_links":{"self":[{"href":"https:\/\/nathaliehureau.fr\/index.php\/wp-json\/wp\/v2\/pages\/3145","targetHints":{"allow":["GET"]}}],"collection":[{"href":"https:\/\/nathaliehureau.fr\/index.php\/wp-json\/wp\/v2\/pages"}],"about":[{"href":"https:\/\/nathaliehureau.fr\/index.php\/wp-json\/wp\/v2\/types\/page"}],"author":[{"embeddable":true,"href":"https:\/\/nathaliehureau.fr\/index.php\/wp-json\/wp\/v2\/users\/1"}],"replies":[{"embeddable":true,"href":"https:\/\/nathaliehureau.fr\/index.php\/wp-json\/wp\/v2\/comments?post=3145"}],"version-history":[{"count":16,"href":"https:\/\/nathaliehureau.fr\/index.php\/wp-json\/wp\/v2\/pages\/3145\/revisions"}],"predecessor-version":[{"id":3200,"href":"https:\/\/nathaliehureau.fr\/index.php\/wp-json\/wp\/v2\/pages\/3145\/revisions\/3200"}],"wp:attachment":[{"href":"https:\/\/nathaliehureau.fr\/index.php\/wp-json\/wp\/v2\/media?parent=3145"}],"curies":[{"name":"wp","href":"https:\/\/api.w.org\/{rel}","templated":true}]}}