{"id":3337,"date":"2024-04-20T14:47:11","date_gmt":"2024-04-20T13:47:11","guid":{"rendered":"https:\/\/nathaliehureau.fr\/?page_id=3337"},"modified":"2024-04-23T13:20:57","modified_gmt":"2024-04-23T12:20:57","slug":"exposition-resonances","status":"publish","type":"page","link":"https:\/\/nathaliehureau.fr\/index.php\/exposition-resonances\/","title":{"rendered":"Exposition <em>R\u00c9SONANCES<\/em>"},"content":{"rendered":"<h2>du 05 au 30 mars 2024<br \/>\n\u00e0 la M\u00e9diath\u00e8que de CHATOU<\/h2>\n<p><img loading=\"lazy\" decoding=\"async\" class=\"alignleft size-large wp-image-3338\" src=\"https:\/\/nathaliehureau.fr\/wp-content\/uploads\/2024\/04\/24032398sit-1024x768.jpg\" alt=\"\" width=\"625\" height=\"469\" srcset=\"https:\/\/nathaliehureau.fr\/wp-content\/uploads\/2024\/04\/24032398sit-1024x768.jpg 1024w, https:\/\/nathaliehureau.fr\/wp-content\/uploads\/2024\/04\/24032398sit-300x225.jpg 300w, https:\/\/nathaliehureau.fr\/wp-content\/uploads\/2024\/04\/24032398sit-768x576.jpg 768w, https:\/\/nathaliehureau.fr\/wp-content\/uploads\/2024\/04\/24032398sit-624x468.jpg 624w, https:\/\/nathaliehureau.fr\/wp-content\/uploads\/2024\/04\/24032398sit.jpg 1200w\" sizes=\"auto, (max-width: 625px) 100vw, 625px\" \/><\/p>\n<h4>Cette exposition pr\u00e9sente plusieurs formes de mon travail\u00a0<span style=\"text-decoration: line-through;\"><br \/>\n<\/span><strong>MOSA\u00cfQUE<\/strong> \u2013 <em>Griffon des montagnes<\/em>, cr\u00e9ation<br \/>\n<strong>TRIPTYQUES<\/strong> \u2013 dont une nouvelle s\u00e9rie <em>Trip Lou<br \/>\n<\/em><strong>POLYPTYQUES<\/strong><br \/>\n<strong>PORTFOLIOS<\/strong> \u2013 dont <a href=\"https:\/\/nathaliehureau.fr\/index.php\/portfolio-corona-liens\/\"><em>Corona Liens<\/em><\/a><br \/>\n<strong><em>CARNETS EN IMAGES<\/em><\/strong>\u00a0 \u2013 en projection le samedi 16 mars 2024 \u00e0 16h et 17h<br \/>\nn\u00b0 44, 38, 12\u00a0et 54\u00a0<img loading=\"lazy\" decoding=\"async\" class=\"alignleft size-large wp-image-3342\" src=\"https:\/\/nathaliehureau.fr\/wp-content\/uploads\/2024\/04\/24032884sit-1024x768.jpg\" alt=\"\" width=\"625\" height=\"469\" srcset=\"https:\/\/nathaliehureau.fr\/wp-content\/uploads\/2024\/04\/24032884sit-1024x768.jpg 1024w, https:\/\/nathaliehureau.fr\/wp-content\/uploads\/2024\/04\/24032884sit-300x225.jpg 300w, https:\/\/nathaliehureau.fr\/wp-content\/uploads\/2024\/04\/24032884sit-768x576.jpg 768w, https:\/\/nathaliehureau.fr\/wp-content\/uploads\/2024\/04\/24032884sit-624x468.jpg 624w, https:\/\/nathaliehureau.fr\/wp-content\/uploads\/2024\/04\/24032884sit.jpg 1200w\" sizes=\"auto, (max-width: 625px) 100vw, 625px\" \/><img loading=\"lazy\" decoding=\"async\" class=\"alignleft size-large wp-image-3343\" src=\"https:\/\/nathaliehureau.fr\/wp-content\/uploads\/2024\/04\/24032887sit-1024x768.jpg\" alt=\"\" width=\"625\" height=\"469\" srcset=\"https:\/\/nathaliehureau.fr\/wp-content\/uploads\/2024\/04\/24032887sit-1024x768.jpg 1024w, https:\/\/nathaliehureau.fr\/wp-content\/uploads\/2024\/04\/24032887sit-300x225.jpg 300w, https:\/\/nathaliehureau.fr\/wp-content\/uploads\/2024\/04\/24032887sit-768x576.jpg 768w, https:\/\/nathaliehureau.fr\/wp-content\/uploads\/2024\/04\/24032887sit-624x468.jpg 624w, https:\/\/nathaliehureau.fr\/wp-content\/uploads\/2024\/04\/24032887sit.jpg 1200w\" sizes=\"auto, (max-width: 625px) 100vw, 625px\" \/><span style=\"color: #808080;\"><em><strong><br \/>\n<\/strong><\/em><\/span><\/h4>\n<h4><em><strong>Je travaille sur la r\u00e9sonance entre les images et tisse un r\u00e9cit \u00e0 partir de mes photographies. Histoires t\u00e9nues, traces d\u2019un instant, d\u2019une \u00e9motion, d\u2019un \u00e9merveillement, que chacun peut lire avec son propre regard.<br \/>\n<img loading=\"lazy\" decoding=\"async\" class=\"alignleft size-large wp-image-3345\" src=\"https:\/\/nathaliehureau.fr\/wp-content\/uploads\/2024\/04\/24032935sit-1024x768.jpg\" alt=\"\" width=\"625\" height=\"469\" srcset=\"https:\/\/nathaliehureau.fr\/wp-content\/uploads\/2024\/04\/24032935sit-1024x768.jpg 1024w, https:\/\/nathaliehureau.fr\/wp-content\/uploads\/2024\/04\/24032935sit-300x225.jpg 300w, https:\/\/nathaliehureau.fr\/wp-content\/uploads\/2024\/04\/24032935sit-768x576.jpg 768w, https:\/\/nathaliehureau.fr\/wp-content\/uploads\/2024\/04\/24032935sit-624x468.jpg 624w, https:\/\/nathaliehureau.fr\/wp-content\/uploads\/2024\/04\/24032935sit.jpg 1200w\" sizes=\"auto, (max-width: 625px) 100vw, 625px\" \/><img loading=\"lazy\" decoding=\"async\" class=\"alignleft size-large wp-image-3346\" src=\"https:\/\/nathaliehureau.fr\/wp-content\/uploads\/2024\/04\/24032948sit-1024x768.jpg\" alt=\"\" width=\"625\" height=\"469\" srcset=\"https:\/\/nathaliehureau.fr\/wp-content\/uploads\/2024\/04\/24032948sit-1024x768.jpg 1024w, https:\/\/nathaliehureau.fr\/wp-content\/uploads\/2024\/04\/24032948sit-300x225.jpg 300w, https:\/\/nathaliehureau.fr\/wp-content\/uploads\/2024\/04\/24032948sit-768x576.jpg 768w, https:\/\/nathaliehureau.fr\/wp-content\/uploads\/2024\/04\/24032948sit-624x468.jpg 624w, https:\/\/nathaliehureau.fr\/wp-content\/uploads\/2024\/04\/24032948sit.jpg 1200w\" sizes=\"auto, (max-width: 625px) 100vw, 625px\" \/><img loading=\"lazy\" decoding=\"async\" class=\"alignleft size-large wp-image-3341\" src=\"https:\/\/nathaliehureau.fr\/wp-content\/uploads\/2024\/04\/24032576sit-1024x768.jpg\" alt=\"\" width=\"625\" height=\"469\" srcset=\"https:\/\/nathaliehureau.fr\/wp-content\/uploads\/2024\/04\/24032576sit-1024x768.jpg 1024w, https:\/\/nathaliehureau.fr\/wp-content\/uploads\/2024\/04\/24032576sit-300x225.jpg 300w, https:\/\/nathaliehureau.fr\/wp-content\/uploads\/2024\/04\/24032576sit-768x576.jpg 768w, https:\/\/nathaliehureau.fr\/wp-content\/uploads\/2024\/04\/24032576sit-624x468.jpg 624w, https:\/\/nathaliehureau.fr\/wp-content\/uploads\/2024\/04\/24032576sit.jpg 1200w\" sizes=\"auto, (max-width: 625px) 100vw, 625px\" \/><img loading=\"lazy\" decoding=\"async\" class=\"alignleft size-large wp-image-3339\" src=\"https:\/\/nathaliehureau.fr\/wp-content\/uploads\/2024\/04\/24032409sit-1024x768.jpg\" alt=\"\" width=\"625\" height=\"469\" srcset=\"https:\/\/nathaliehureau.fr\/wp-content\/uploads\/2024\/04\/24032409sit-1024x768.jpg 1024w, https:\/\/nathaliehureau.fr\/wp-content\/uploads\/2024\/04\/24032409sit-300x225.jpg 300w, https:\/\/nathaliehureau.fr\/wp-content\/uploads\/2024\/04\/24032409sit-768x576.jpg 768w, https:\/\/nathaliehureau.fr\/wp-content\/uploads\/2024\/04\/24032409sit-624x468.jpg 624w, https:\/\/nathaliehureau.fr\/wp-content\/uploads\/2024\/04\/24032409sit.jpg 1200w\" sizes=\"auto, (max-width: 625px) 100vw, 625px\" \/><img loading=\"lazy\" decoding=\"async\" class=\"alignleft size-large wp-image-3344\" src=\"https:\/\/nathaliehureau.fr\/wp-content\/uploads\/2024\/04\/24032924sit-1024x768.jpg\" alt=\"\" width=\"625\" height=\"469\" srcset=\"https:\/\/nathaliehureau.fr\/wp-content\/uploads\/2024\/04\/24032924sit-1024x768.jpg 1024w, https:\/\/nathaliehureau.fr\/wp-content\/uploads\/2024\/04\/24032924sit-300x225.jpg 300w, https:\/\/nathaliehureau.fr\/wp-content\/uploads\/2024\/04\/24032924sit-768x576.jpg 768w, https:\/\/nathaliehureau.fr\/wp-content\/uploads\/2024\/04\/24032924sit-624x468.jpg 624w, https:\/\/nathaliehureau.fr\/wp-content\/uploads\/2024\/04\/24032924sit.jpg 1200w\" sizes=\"auto, (max-width: 625px) 100vw, 625px\" \/><img loading=\"lazy\" decoding=\"async\" class=\"alignleft wp-image-3340 size-large\" src=\"https:\/\/nathaliehureau.fr\/wp-content\/uploads\/2024\/04\/24032384sit-1024x768.jpg\" alt=\"\" width=\"625\" height=\"469\" srcset=\"https:\/\/nathaliehureau.fr\/wp-content\/uploads\/2024\/04\/24032384sit-1024x768.jpg 1024w, https:\/\/nathaliehureau.fr\/wp-content\/uploads\/2024\/04\/24032384sit-300x225.jpg 300w, https:\/\/nathaliehureau.fr\/wp-content\/uploads\/2024\/04\/24032384sit-768x576.jpg 768w, https:\/\/nathaliehureau.fr\/wp-content\/uploads\/2024\/04\/24032384sit-624x468.jpg 624w, https:\/\/nathaliehureau.fr\/wp-content\/uploads\/2024\/04\/24032384sit.jpg 1200w\" sizes=\"auto, (max-width: 625px) 100vw, 625px\" \/><\/strong><\/em><\/h4>\n<p style=\"text-align: left;\"><span style=\"color: #808080;\"><strong><span style=\"color: #333333;\">T\u00e9l\u00e9chargez\u00a0:<\/span> <\/strong><\/span><br \/>\n<span style=\"color: #333333;\"><strong>la <a href=\"https:\/\/nathaliehureau.fr\/wp-content\/uploads\/2024\/02\/NHUREAU-presentation-expo-mars-2024.pdf.zip\">pr\u00e9sentation de l&rsquo;exposition<\/a> <\/strong><\/span><br \/>\n<span style=\"color: #333333;\"><strong>la <a href=\"https:\/\/nathaliehureau.fr\/wp-content\/uploads\/2024\/04\/expo-NHUREAU-liste-oeuvres.pdf.zip\">liste des oeuvres<\/a><br \/>\n<\/strong><\/span><\/p>\n<p style=\"text-align: left;\"><span style=\"color: #333333;\"><strong>Visionnez :<br \/>\nles <a href=\"https:\/\/nathaliehureau.fr\/index.php\/carnets-en-images\/\"><em>Carnets en images<\/em><\/a> &#8211; n\u00b0 44, 38, 12 et 54<br \/>\n<\/strong><\/span><br \/>\n<img loading=\"lazy\" decoding=\"async\" class=\"alignleft size-large wp-image-3356\" src=\"https:\/\/nathaliehureau.fr\/wp-content\/uploads\/2024\/04\/24032406sit-1024x768.jpg\" alt=\"\" width=\"625\" height=\"469\" srcset=\"https:\/\/nathaliehureau.fr\/wp-content\/uploads\/2024\/04\/24032406sit-1024x768.jpg 1024w, https:\/\/nathaliehureau.fr\/wp-content\/uploads\/2024\/04\/24032406sit-300x225.jpg 300w, https:\/\/nathaliehureau.fr\/wp-content\/uploads\/2024\/04\/24032406sit-768x576.jpg 768w, https:\/\/nathaliehureau.fr\/wp-content\/uploads\/2024\/04\/24032406sit-624x468.jpg 624w, https:\/\/nathaliehureau.fr\/wp-content\/uploads\/2024\/04\/24032406sit.jpg 1200w\" sizes=\"auto, (max-width: 625px) 100vw, 625px\" \/><\/p>\n<p>&nbsp;<\/p>\n<p style=\"text-align: left; padding-left: 40px;\"><span style=\"color: #999999;\">Vladimir Jank\u00e9l\u00e9vitch, <em>Le Je-ne-sais-quoi et le Presque-rien<\/em><\/span><br \/>\n<span style=\"color: #808080;\"><strong><em>\u00ab\u00a0Le vent se l\u00e8ve, c\u2019est maintenant ou jamais. Ne perdez pas votre chance unique dans toute l\u2019\u00e9ternit\u00e9, ne manquez pas votre unique matin\u00e9e de printemps.\u00a0\u00bb<\/em><\/strong><\/span><\/p>\n<p><img loading=\"lazy\" decoding=\"async\" class=\"alignleft wp-image-3355 size-large\" src=\"https:\/\/nathaliehureau.fr\/wp-content\/uploads\/2024\/04\/24032431a-sit-1024x768.jpg\" alt=\"\" width=\"625\" height=\"469\" srcset=\"https:\/\/nathaliehureau.fr\/wp-content\/uploads\/2024\/04\/24032431a-sit-1024x768.jpg 1024w, https:\/\/nathaliehureau.fr\/wp-content\/uploads\/2024\/04\/24032431a-sit-300x225.jpg 300w, https:\/\/nathaliehureau.fr\/wp-content\/uploads\/2024\/04\/24032431a-sit-768x576.jpg 768w, https:\/\/nathaliehureau.fr\/wp-content\/uploads\/2024\/04\/24032431a-sit-624x468.jpg 624w, https:\/\/nathaliehureau.fr\/wp-content\/uploads\/2024\/04\/24032431a-sit.jpg 1200w\" sizes=\"auto, (max-width: 625px) 100vw, 625px\" \/><img loading=\"lazy\" decoding=\"async\" class=\"alignleft wp-image-3354 size-large\" src=\"https:\/\/nathaliehureau.fr\/wp-content\/uploads\/2024\/04\/24032606sit-1024x768.jpg\" alt=\"\" width=\"625\" height=\"469\" srcset=\"https:\/\/nathaliehureau.fr\/wp-content\/uploads\/2024\/04\/24032606sit-1024x768.jpg 1024w, https:\/\/nathaliehureau.fr\/wp-content\/uploads\/2024\/04\/24032606sit-300x225.jpg 300w, https:\/\/nathaliehureau.fr\/wp-content\/uploads\/2024\/04\/24032606sit-768x576.jpg 768w, https:\/\/nathaliehureau.fr\/wp-content\/uploads\/2024\/04\/24032606sit-624x468.jpg 624w, https:\/\/nathaliehureau.fr\/wp-content\/uploads\/2024\/04\/24032606sit.jpg 1200w\" sizes=\"auto, (max-width: 625px) 100vw, 625px\" \/><\/p>\n<p style=\"padding-left: 40px;\"><span style=\"color: #999999;\">Hartmut Rosa, <\/span><em><span style=\"color: #999999;\">Rem\u00e8de \u00e0 l\u2019acc\u00e9l\u00e9ration<\/span><br \/>\n<span style=\"color: #808080;\"><strong>\u00ab\u00a0Ma proposition est la suivante : nous sommes non ali\u00e9n\u00e9s lorsque nous entrons en r\u00e9sonance avec le monde. L\u00e0 o\u00f9 les choses, les lieux, les gens que nous rencontrons nous touchent, nous saisissent ou nous \u00e9meuvent, l\u00e0 o\u00f9 nous avons la capacit\u00e9 de leur r\u00e9pondre avec toute notre existence.\u00a0\u00bb<\/strong><\/span><\/em><\/p>\n<p><img loading=\"lazy\" decoding=\"async\" class=\"alignleft size-large wp-image-3363\" src=\"https:\/\/nathaliehureau.fr\/wp-content\/uploads\/2024\/04\/24022193sit-1024x768.jpg\" alt=\"\" width=\"625\" height=\"469\" srcset=\"https:\/\/nathaliehureau.fr\/wp-content\/uploads\/2024\/04\/24022193sit-1024x768.jpg 1024w, https:\/\/nathaliehureau.fr\/wp-content\/uploads\/2024\/04\/24022193sit-300x225.jpg 300w, https:\/\/nathaliehureau.fr\/wp-content\/uploads\/2024\/04\/24022193sit-768x576.jpg 768w, https:\/\/nathaliehureau.fr\/wp-content\/uploads\/2024\/04\/24022193sit-624x468.jpg 624w, https:\/\/nathaliehureau.fr\/wp-content\/uploads\/2024\/04\/24022193sit.jpg 1200w\" sizes=\"auto, (max-width: 625px) 100vw, 625px\" \/><img loading=\"lazy\" decoding=\"async\" class=\"alignleft wp-image-3364 size-large\" src=\"https:\/\/nathaliehureau.fr\/wp-content\/uploads\/2024\/04\/24022153sit-1024x768.jpg\" alt=\"\" width=\"625\" height=\"469\" srcset=\"https:\/\/nathaliehureau.fr\/wp-content\/uploads\/2024\/04\/24022153sit-1024x768.jpg 1024w, https:\/\/nathaliehureau.fr\/wp-content\/uploads\/2024\/04\/24022153sit-300x225.jpg 300w, https:\/\/nathaliehureau.fr\/wp-content\/uploads\/2024\/04\/24022153sit-768x576.jpg 768w, https:\/\/nathaliehureau.fr\/wp-content\/uploads\/2024\/04\/24022153sit-624x468.jpg 624w, https:\/\/nathaliehureau.fr\/wp-content\/uploads\/2024\/04\/24022153sit.jpg 1200w\" sizes=\"auto, (max-width: 625px) 100vw, 625px\" \/><img loading=\"lazy\" decoding=\"async\" class=\"alignleft size-large wp-image-3365\" src=\"https:\/\/nathaliehureau.fr\/wp-content\/uploads\/2024\/04\/24033007sit-1024x768.jpg\" alt=\"\" width=\"625\" height=\"469\" srcset=\"https:\/\/nathaliehureau.fr\/wp-content\/uploads\/2024\/04\/24033007sit-1024x768.jpg 1024w, https:\/\/nathaliehureau.fr\/wp-content\/uploads\/2024\/04\/24033007sit-300x225.jpg 300w, https:\/\/nathaliehureau.fr\/wp-content\/uploads\/2024\/04\/24033007sit-768x576.jpg 768w, https:\/\/nathaliehureau.fr\/wp-content\/uploads\/2024\/04\/24033007sit-624x468.jpg 624w, https:\/\/nathaliehureau.fr\/wp-content\/uploads\/2024\/04\/24033007sit.jpg 1200w\" sizes=\"auto, (max-width: 625px) 100vw, 625px\" \/><img loading=\"lazy\" decoding=\"async\" class=\"alignleft wp-image-3366 size-large\" src=\"https:\/\/nathaliehureau.fr\/wp-content\/uploads\/2024\/04\/24032504sit-1024x768.jpg\" alt=\"\" width=\"625\" height=\"469\" srcset=\"https:\/\/nathaliehureau.fr\/wp-content\/uploads\/2024\/04\/24032504sit-1024x768.jpg 1024w, https:\/\/nathaliehureau.fr\/wp-content\/uploads\/2024\/04\/24032504sit-300x225.jpg 300w, https:\/\/nathaliehureau.fr\/wp-content\/uploads\/2024\/04\/24032504sit-768x576.jpg 768w, https:\/\/nathaliehureau.fr\/wp-content\/uploads\/2024\/04\/24032504sit-624x468.jpg 624w, https:\/\/nathaliehureau.fr\/wp-content\/uploads\/2024\/04\/24032504sit.jpg 1200w\" sizes=\"auto, (max-width: 625px) 100vw, 625px\" \/><\/p>\n<h4><img loading=\"lazy\" decoding=\"async\" class=\"alignnone wp-image-3368 size-medium\" src=\"https:\/\/nathaliehureau.fr\/wp-content\/uploads\/2024\/04\/24032705sit-300x225.jpg\" alt=\"\" width=\"300\" height=\"225\" srcset=\"https:\/\/nathaliehureau.fr\/wp-content\/uploads\/2024\/04\/24032705sit-300x225.jpg 300w, https:\/\/nathaliehureau.fr\/wp-content\/uploads\/2024\/04\/24032705sit-1024x768.jpg 1024w, https:\/\/nathaliehureau.fr\/wp-content\/uploads\/2024\/04\/24032705sit-768x576.jpg 768w, https:\/\/nathaliehureau.fr\/wp-content\/uploads\/2024\/04\/24032705sit-624x468.jpg 624w, https:\/\/nathaliehureau.fr\/wp-content\/uploads\/2024\/04\/24032705sit.jpg 1200w\" sizes=\"auto, (max-width: 300px) 100vw, 300px\" \/><img loading=\"lazy\" decoding=\"async\" class=\"alignnone wp-image-3369 size-medium\" src=\"https:\/\/nathaliehureau.fr\/wp-content\/uploads\/2024\/04\/24032875sit-300x225.jpg\" alt=\"\" width=\"300\" height=\"225\" srcset=\"https:\/\/nathaliehureau.fr\/wp-content\/uploads\/2024\/04\/24032875sit-300x225.jpg 300w, https:\/\/nathaliehureau.fr\/wp-content\/uploads\/2024\/04\/24032875sit-1024x768.jpg 1024w, https:\/\/nathaliehureau.fr\/wp-content\/uploads\/2024\/04\/24032875sit-768x576.jpg 768w, https:\/\/nathaliehureau.fr\/wp-content\/uploads\/2024\/04\/24032875sit-624x468.jpg 624w, https:\/\/nathaliehureau.fr\/wp-content\/uploads\/2024\/04\/24032875sit.jpg 1200w\" sizes=\"auto, (max-width: 300px) 100vw, 300px\" \/><img loading=\"lazy\" decoding=\"async\" class=\"alignnone wp-image-3367 size-medium\" src=\"https:\/\/nathaliehureau.fr\/wp-content\/uploads\/2024\/04\/24032514sit-300x225.jpg\" alt=\"\" width=\"300\" height=\"225\" srcset=\"https:\/\/nathaliehureau.fr\/wp-content\/uploads\/2024\/04\/24032514sit-300x225.jpg 300w, https:\/\/nathaliehureau.fr\/wp-content\/uploads\/2024\/04\/24032514sit-1024x768.jpg 1024w, https:\/\/nathaliehureau.fr\/wp-content\/uploads\/2024\/04\/24032514sit-768x576.jpg 768w, https:\/\/nathaliehureau.fr\/wp-content\/uploads\/2024\/04\/24032514sit-624x468.jpg 624w, https:\/\/nathaliehureau.fr\/wp-content\/uploads\/2024\/04\/24032514sit.jpg 1200w\" sizes=\"auto, (max-width: 300px) 100vw, 300px\" \/><img loading=\"lazy\" decoding=\"async\" class=\"alignnone wp-image-3372 size-medium\" src=\"https:\/\/nathaliehureau.fr\/wp-content\/uploads\/2024\/04\/24032992sit-300x225.jpg\" alt=\"\" width=\"300\" height=\"225\" srcset=\"https:\/\/nathaliehureau.fr\/wp-content\/uploads\/2024\/04\/24032992sit-300x225.jpg 300w, https:\/\/nathaliehureau.fr\/wp-content\/uploads\/2024\/04\/24032992sit-1024x768.jpg 1024w, https:\/\/nathaliehureau.fr\/wp-content\/uploads\/2024\/04\/24032992sit-768x576.jpg 768w, https:\/\/nathaliehureau.fr\/wp-content\/uploads\/2024\/04\/24032992sit-624x468.jpg 624w, https:\/\/nathaliehureau.fr\/wp-content\/uploads\/2024\/04\/24032992sit.jpg 1200w\" sizes=\"auto, (max-width: 300px) 100vw, 300px\" \/><br \/>\n<img loading=\"lazy\" decoding=\"async\" class=\"alignnone wp-image-3370 size-medium\" src=\"https:\/\/nathaliehureau.fr\/wp-content\/uploads\/2024\/04\/24032870sit-300x225.jpg\" alt=\"\" width=\"300\" height=\"225\" srcset=\"https:\/\/nathaliehureau.fr\/wp-content\/uploads\/2024\/04\/24032870sit-300x225.jpg 300w, https:\/\/nathaliehureau.fr\/wp-content\/uploads\/2024\/04\/24032870sit-1024x768.jpg 1024w, https:\/\/nathaliehureau.fr\/wp-content\/uploads\/2024\/04\/24032870sit-768x576.jpg 768w, https:\/\/nathaliehureau.fr\/wp-content\/uploads\/2024\/04\/24032870sit-624x468.jpg 624w, https:\/\/nathaliehureau.fr\/wp-content\/uploads\/2024\/04\/24032870sit.jpg 1200w\" sizes=\"auto, (max-width: 300px) 100vw, 300px\" \/><img loading=\"lazy\" decoding=\"async\" class=\"alignnone wp-image-3371 size-medium\" src=\"https:\/\/nathaliehureau.fr\/wp-content\/uploads\/2024\/04\/24033012sit-300x225.jpg\" alt=\"\" width=\"300\" height=\"225\" srcset=\"https:\/\/nathaliehureau.fr\/wp-content\/uploads\/2024\/04\/24033012sit-300x225.jpg 300w, https:\/\/nathaliehureau.fr\/wp-content\/uploads\/2024\/04\/24033012sit-1024x768.jpg 1024w, https:\/\/nathaliehureau.fr\/wp-content\/uploads\/2024\/04\/24033012sit-768x576.jpg 768w, https:\/\/nathaliehureau.fr\/wp-content\/uploads\/2024\/04\/24033012sit-624x468.jpg 624w, https:\/\/nathaliehureau.fr\/wp-content\/uploads\/2024\/04\/24033012sit.jpg 1200w\" sizes=\"auto, (max-width: 300px) 100vw, 300px\" \/><img loading=\"lazy\" decoding=\"async\" class=\"alignleft size-large wp-image-3373\" src=\"https:\/\/nathaliehureau.fr\/wp-content\/uploads\/2024\/04\/24032635sit-1024x768.jpg\" alt=\"\" width=\"625\" height=\"469\" srcset=\"https:\/\/nathaliehureau.fr\/wp-content\/uploads\/2024\/04\/24032635sit-1024x768.jpg 1024w, https:\/\/nathaliehureau.fr\/wp-content\/uploads\/2024\/04\/24032635sit-300x225.jpg 300w, https:\/\/nathaliehureau.fr\/wp-content\/uploads\/2024\/04\/24032635sit-768x576.jpg 768w, https:\/\/nathaliehureau.fr\/wp-content\/uploads\/2024\/04\/24032635sit-624x468.jpg 624w, https:\/\/nathaliehureau.fr\/wp-content\/uploads\/2024\/04\/24032635sit.jpg 1200w\" sizes=\"auto, (max-width: 625px) 100vw, 625px\" \/><\/h4>\n<p><strong><span style=\"color: #808080;\">Mosa\u00efque <em><span style=\"color: #333333;\">Griffon des montagnes<\/span><br \/>\n<\/em>\u00c0 votre avis :\u00a0<\/span>Le griffon, qui est-il ? o\u00f9 est-il ? que fait-il ?<br \/>\n<\/strong><\/p>\n<h5>Exposition <em>R\u00c9SONANCES<br \/>\n<\/em>du 05 au 30 mars 2024 &#8211; M\u00e9diath\u00e8que de CHATOU<br \/>\n85 boulevard de la R\u00e9publique, 78400 Chatou \u2013 tel 01 30 09 68 60<\/h5>\n","protected":false},"excerpt":{"rendered":"<p>du 05 au 30 mars 2024 \u00e0 la M\u00e9diath\u00e8que de CHATOU Cette exposition pr\u00e9sente plusieurs formes de mon travail\u00a0 MOSA\u00cfQUE \u2013 Griffon des montagnes, cr\u00e9ation TRIPTYQUES \u2013 dont une nouvelle s\u00e9rie Trip Lou POLYPTYQUES PORTFOLIOS \u2013 dont Corona Liens CARNETS EN IMAGES\u00a0 \u2013 en projection le samedi 16 mars 2024 \u00e0 16h et 17h n\u00b0 [&hellip;]<\/p>\n","protected":false},"author":1,"featured_media":0,"parent":0,"menu_order":0,"comment_status":"closed","ping_status":"closed","template":"","meta":{"footnotes":""},"class_list":["post-3337","page","type-page","status-publish","hentry"],"_links":{"self":[{"href":"https:\/\/nathaliehureau.fr\/index.php\/wp-json\/wp\/v2\/pages\/3337","targetHints":{"allow":["GET"]}}],"collection":[{"href":"https:\/\/nathaliehureau.fr\/index.php\/wp-json\/wp\/v2\/pages"}],"about":[{"href":"https:\/\/nathaliehureau.fr\/index.php\/wp-json\/wp\/v2\/types\/page"}],"author":[{"embeddable":true,"href":"https:\/\/nathaliehureau.fr\/index.php\/wp-json\/wp\/v2\/users\/1"}],"replies":[{"embeddable":true,"href":"https:\/\/nathaliehureau.fr\/index.php\/wp-json\/wp\/v2\/comments?post=3337"}],"version-history":[{"count":41,"href":"https:\/\/nathaliehureau.fr\/index.php\/wp-json\/wp\/v2\/pages\/3337\/revisions"}],"predecessor-version":[{"id":3422,"href":"https:\/\/nathaliehureau.fr\/index.php\/wp-json\/wp\/v2\/pages\/3337\/revisions\/3422"}],"wp:attachment":[{"href":"https:\/\/nathaliehureau.fr\/index.php\/wp-json\/wp\/v2\/media?parent=3337"}],"curies":[{"name":"wp","href":"https:\/\/api.w.org\/{rel}","templated":true}]}}