{"id":538,"date":"2014-01-13T21:56:38","date_gmt":"2014-01-13T20:56:38","guid":{"rendered":"http:\/\/nathaliehureau.fr\/?page_id=538"},"modified":"2014-01-13T22:01:00","modified_gmt":"2014-01-13T21:01:00","slug":"hommage-a-chris-marker","status":"publish","type":"page","link":"https:\/\/nathaliehureau.fr\/index.php\/hommage-a-chris-marker\/","title":{"rendered":"Hommage \u00e0 Chris Marker"},"content":{"rendered":"<h2>Chris Marker est d\u00e9c\u00e9d\u00e9 le 29 juillet 2012<\/h2>\n<p>\u00c9coutez la chronique radiophonique de Nathalie Hureau:<\/p>\n<p style=\"padding-left: 30px; text-align: justify;\"><em>\u00ab\u00a0Ce qui est unique chez Chris Marker, c\u2019est la libert\u00e9. La libert\u00e9 de trouver et d\u2019associer toutes sortes d\u2019images\u00a0: des photos, des affiches, des plans qu\u2019il tourne ou qu\u2019il d\u00e9tourne, des archives rares ou connues\u00a0; une infinit\u00e9 d\u2019images qui pourraient para\u00eetre h\u00e9t\u00e9roclites, mais qu\u2019il transforme et \u00e9claire par le montage, en les confrontant \u00e0 l\u2019intelligence et l\u2019humour de ses commentaires.\u00a0\u00bb<\/em> N.H.<\/p>\n<p style=\"text-align: justify; padding-left: 30px;\"><audio class=\"wp-audio-shortcode\" id=\"audio-538-1\" preload=\"none\" style=\"width: 100%;\" controls=\"controls\"><source type=\"audio\/mpeg\" src=\"http:\/\/nathaliehureau.fr\/wp-content\/uploads\/2014\/01\/2012_09_21_hommage_Chris_Marker.mp3?_=1\" \/><a href=\"http:\/\/nathaliehureau.fr\/wp-content\/uploads\/2014\/01\/2012_09_21_hommage_Chris_Marker.mp3\">http:\/\/nathaliehureau.fr\/wp-content\/uploads\/2014\/01\/2012_09_21_hommage_Chris_Marker.mp3<\/a><\/audio><span style=\"color: #808080;\">\u00e9mission <em>Des go\u00fbts et des couleurs<\/em> du 21 septembre\u00a02012<\/span><\/p>\n<p style=\"text-align: justify;\">D\u00e9couvrez l&rsquo;<a href=\"http:\/\/nathaliehureau.fr\/?page_id=1141\"><em>Instant 03<\/em><\/a>, tr\u00e8s court film pour Chris Marker\u2026<\/p>\n","protected":false},"excerpt":{"rendered":"<p>Chris Marker est d\u00e9c\u00e9d\u00e9 le 29 juillet 2012 \u00c9coutez la chronique radiophonique de Nathalie Hureau: \u00ab\u00a0Ce qui est unique chez Chris Marker, c\u2019est la libert\u00e9. La libert\u00e9 de trouver et d\u2019associer toutes sortes d\u2019images\u00a0: des photos, des affiches, des plans qu\u2019il tourne ou qu\u2019il d\u00e9tourne, des archives rares ou connues\u00a0; une infinit\u00e9 d\u2019images qui pourraient [&hellip;]<\/p>\n","protected":false},"author":1,"featured_media":0,"parent":0,"menu_order":0,"comment_status":"closed","ping_status":"open","template":"","meta":{"footnotes":""},"class_list":["post-538","page","type-page","status-publish","hentry"],"_links":{"self":[{"href":"https:\/\/nathaliehureau.fr\/index.php\/wp-json\/wp\/v2\/pages\/538","targetHints":{"allow":["GET"]}}],"collection":[{"href":"https:\/\/nathaliehureau.fr\/index.php\/wp-json\/wp\/v2\/pages"}],"about":[{"href":"https:\/\/nathaliehureau.fr\/index.php\/wp-json\/wp\/v2\/types\/page"}],"author":[{"embeddable":true,"href":"https:\/\/nathaliehureau.fr\/index.php\/wp-json\/wp\/v2\/users\/1"}],"replies":[{"embeddable":true,"href":"https:\/\/nathaliehureau.fr\/index.php\/wp-json\/wp\/v2\/comments?post=538"}],"version-history":[{"count":7,"href":"https:\/\/nathaliehureau.fr\/index.php\/wp-json\/wp\/v2\/pages\/538\/revisions"}],"predecessor-version":[{"id":1278,"href":"https:\/\/nathaliehureau.fr\/index.php\/wp-json\/wp\/v2\/pages\/538\/revisions\/1278"}],"wp:attachment":[{"href":"https:\/\/nathaliehureau.fr\/index.php\/wp-json\/wp\/v2\/media?parent=538"}],"curies":[{"name":"wp","href":"https:\/\/api.w.org\/{rel}","templated":true}]}}