{"id":900,"date":"2014-01-03T22:51:16","date_gmt":"2014-01-03T21:51:16","guid":{"rendered":"http:\/\/nathaliehureau.fr\/?page_id=900"},"modified":"2020-07-09T09:49:26","modified_gmt":"2020-07-09T08:49:26","slug":"interventions-diverses","status":"publish","type":"page","link":"https:\/\/nathaliehureau.fr\/index.php\/interventions-diverses\/","title":{"rendered":"Interventions diverses"},"content":{"rendered":"<h2>Pr\u00e9sentation de films, animation de d\u00e9bats<\/h2>\n<p><img loading=\"lazy\" decoding=\"async\" class=\"alignright wp-image-913\" src=\"http:\/\/nathaliehureau.fr\/wp-content\/uploads\/2014\/01\/10-07-Carnac-sit-300x256.jpg\" alt=\"10 07 Carnac sit\" width=\"300\" height=\"256\" srcset=\"https:\/\/nathaliehureau.fr\/wp-content\/uploads\/2014\/01\/10-07-Carnac-sit-300x256.jpg 300w, https:\/\/nathaliehureau.fr\/wp-content\/uploads\/2014\/01\/10-07-Carnac-sit-1024x874.jpg 1024w, https:\/\/nathaliehureau.fr\/wp-content\/uploads\/2014\/01\/10-07-Carnac-sit-624x533.jpg 624w, https:\/\/nathaliehureau.fr\/wp-content\/uploads\/2014\/01\/10-07-Carnac-sit.jpg 1200w\" sizes=\"auto, (max-width: 300px) 100vw, 300px\" \/><img loading=\"lazy\" decoding=\"async\" class=\"alignright size-medium wp-image-914\" src=\"http:\/\/nathaliehureau.fr\/wp-content\/uploads\/2014\/01\/2006-12-09-Colombes-sit-300x212.jpg\" alt=\"2006 12 09 Colombes sit\" width=\"300\" height=\"212\" srcset=\"https:\/\/nathaliehureau.fr\/wp-content\/uploads\/2014\/01\/2006-12-09-Colombes-sit-300x212.jpg 300w, https:\/\/nathaliehureau.fr\/wp-content\/uploads\/2014\/01\/2006-12-09-Colombes-sit-1024x726.jpg 1024w, https:\/\/nathaliehureau.fr\/wp-content\/uploads\/2014\/01\/2006-12-09-Colombes-sit-624x442.jpg 624w, https:\/\/nathaliehureau.fr\/wp-content\/uploads\/2014\/01\/2006-12-09-Colombes-sit.jpg 1200w\" sizes=\"auto, (max-width: 300px) 100vw, 300px\" \/>\u2014 Membre du jury du concours des \u00e9l\u00e8ves des \u00e9coles de cin\u00e9ma, <em>Semaine du court-m\u00e9trage de Rueil-Malmaison<\/em>, 2012 \u00e0 2020<br \/>\n\u2014 Cin\u00e9club <em>L\u2019Esprit du 7\u00e8me Art<\/em>, salle Mabillon, avec Michel Bri\u00e8re, 2010 \u00e0 2013<br \/>\n\u2014 Cin\u00e9club de Carnac: <em>35 Rhums<\/em> (C. Denis), <em>Gran Torino<\/em> (C. Eastwood), juillet 2009 et 2010<br \/>\n\u2014 Coll\u00e8ge des Bernardins: journ\u00e9e <em>Akira Kurosawa t\u00e9moin de l\u2019\u00e2me\u00a0: Rashomon, Dodesukaden<\/em>, en collaboration avec Michel Bri\u00e8re, mars 2009<br \/>\n\u2014 Coll\u00e8ge des Bernardins: <em>La Mort aux trousses<\/em> (A. Hitchcock), 2008<br \/>\n\u2014 Institut de l\u2019Assomption: <em>Lettres d\u2019Iwo Jima<\/em> (C. Eastwood) pour les classes de 3\u00e8me, 2008<br \/>\n\u2014 Cin\u00e9math\u00e8que de Porto Vecchio, lyc\u00e9e polyvalent de Porto Vecchio et lyc\u00e9e Casabianca de Bastia: <em>Hiroshima mon amour<\/em> (A. Resnais), pour les classes option cin\u00e9ma, avril 2008<br \/>\n\u2014 Membre du jury du concours de courts-m\u00e9trages, Festival <em>Casd\u2019rage<\/em>, Gagny, 2008<br \/>\n\u2014 12e Semaine chr\u00e9tienne du Cin\u00e9ma: <em>L\u2019Amour \u00e0 mort<\/em> (A. Resnais), <em>L\u2019Amour l\u2019apr\u00e8s-midi<\/em> (E. Rohmer), novembre 2006<br \/>\n\u2014 Maison des Jeunes et de la Culture de Colombes, <em>Le montage au cin\u00e9ma\u00a0: L\u2019Inconnu du Nord Express<\/em> (A. Hitchcock), <em>On conna\u00eet la chanson<\/em> (A. Resnais), d\u00e9cembre 2006<\/p>\n<h2>Conf\u00e9rences<\/h2>\n<p><img loading=\"lazy\" decoding=\"async\" class=\"alignright size-medium wp-image-915\" src=\"http:\/\/nathaliehureau.fr\/wp-content\/uploads\/2014\/01\/2006-semaine-chre\u0301tienne-sit-210x300.jpg\" alt=\"2006 semaine chre\u0301tienne sit\" width=\"210\" height=\"300\" srcset=\"https:\/\/nathaliehureau.fr\/wp-content\/uploads\/2014\/01\/2006-semaine-chre\u0301tienne-sit-210x300.jpg 210w, https:\/\/nathaliehureau.fr\/wp-content\/uploads\/2014\/01\/2006-semaine-chre\u0301tienne-sit-718x1024.jpg 718w, https:\/\/nathaliehureau.fr\/wp-content\/uploads\/2014\/01\/2006-semaine-chre\u0301tienne-sit-624x889.jpg 624w, https:\/\/nathaliehureau.fr\/wp-content\/uploads\/2014\/01\/2006-semaine-chre\u0301tienne-sit.jpg 1200w\" sizes=\"auto, (max-width: 210px) 100vw, 210px\" \/>\u2014 <em>Le montage comme \u00e9criture<\/em>, Artisans Associ\u00e9s de l\u2019Image et du Son, journ\u00e9e d&rsquo;intervention, nov 2018<br \/>\n\u2014 <em>Le montage d\u2019un film<\/em>, Festival de courts-m\u00e9trages Casd\u2019rage, Gagny, 2009<br \/>\n\u2014 Colloque <em>Mots et images dans tous leurs \u00e9tats<\/em> \u00e0 la Fondation d\u2019entreprise Espace \u00c9cureuil pour l\u2019art contemporain, Toulouse, juin 2007<br \/>\n\u2014 <em>L\u2019art du montage<\/em>, Objectif Images, union des associations photo et vid\u00e9o de La Poste et France T\u00e9l\u00e9com, avril 2003<br \/>\n\u2014 <em>Le sens des images<\/em>, journ\u00e9e d\u2019intervention, Greta formation au vitrail, Chartres, 2003<br \/>\n\u2014 <em>Le sens des images ou l\u2019art du montage<\/em>, Cin\u00e9math\u00e8que de Porto Vecchio, 2002<br \/>\n\u2014 <em>Pr\u00e9sentation du m\u00e9tier de monteur<\/em>, Lyc\u00e9e Mistral, Avignon (2e), 1996<\/p>\n<h2><a href=\"http:\/\/nathaliehureau.fr\/?page_id=37\">Chroniques de films radiophoniques<\/a><\/h2>\n<p>Chronique mensuelle pour l\u2019\u00e9mission <em>Des go\u00fbts et des couleurs<\/em> de Paul de Sinety, en alternance avec Patrick Brion, Radio Notre Dame 100.7, de septembre 2010 \u00e0 juillet 2013.<\/p>\n<h2><\/h2>\n","protected":false},"excerpt":{"rendered":"<p>Pr\u00e9sentation de films, animation de d\u00e9bats \u2014 Membre du jury du concours des \u00e9l\u00e8ves des \u00e9coles de cin\u00e9ma, Semaine du court-m\u00e9trage de Rueil-Malmaison, 2012 \u00e0 2020 \u2014 Cin\u00e9club L\u2019Esprit du 7\u00e8me Art, salle Mabillon, avec Michel Bri\u00e8re, 2010 \u00e0 2013 \u2014 Cin\u00e9club de Carnac: 35 Rhums (C. Denis), Gran Torino (C. Eastwood), juillet 2009 et [&hellip;]<\/p>\n","protected":false},"author":1,"featured_media":0,"parent":0,"menu_order":0,"comment_status":"closed","ping_status":"open","template":"","meta":{"footnotes":""},"class_list":["post-900","page","type-page","status-publish","hentry"],"_links":{"self":[{"href":"https:\/\/nathaliehureau.fr\/index.php\/wp-json\/wp\/v2\/pages\/900","targetHints":{"allow":["GET"]}}],"collection":[{"href":"https:\/\/nathaliehureau.fr\/index.php\/wp-json\/wp\/v2\/pages"}],"about":[{"href":"https:\/\/nathaliehureau.fr\/index.php\/wp-json\/wp\/v2\/types\/page"}],"author":[{"embeddable":true,"href":"https:\/\/nathaliehureau.fr\/index.php\/wp-json\/wp\/v2\/users\/1"}],"replies":[{"embeddable":true,"href":"https:\/\/nathaliehureau.fr\/index.php\/wp-json\/wp\/v2\/comments?post=900"}],"version-history":[{"count":26,"href":"https:\/\/nathaliehureau.fr\/index.php\/wp-json\/wp\/v2\/pages\/900\/revisions"}],"predecessor-version":[{"id":2732,"href":"https:\/\/nathaliehureau.fr\/index.php\/wp-json\/wp\/v2\/pages\/900\/revisions\/2732"}],"wp:attachment":[{"href":"https:\/\/nathaliehureau.fr\/index.php\/wp-json\/wp\/v2\/media?parent=900"}],"curies":[{"name":"wp","href":"https:\/\/api.w.org\/{rel}","templated":true}]}}